{"id":1561,"date":"2023-10-14T14:34:54","date_gmt":"2023-10-14T14:34:54","guid":{"rendered":"https:\/\/sandybeach-resort.com\/?page_id=1561"},"modified":"2026-03-18T16:33:13","modified_gmt":"2026-03-18T16:33:13","slug":"akomodimi","status":"publish","type":"page","link":"https:\/\/sandybeach-resort.com\/sq\/akomodimi\/","title":{"rendered":"Akomodimi"},"content":{"rendered":"<div class=\"wpb-content-wrapper\"><p>[vc_section full_width=&#8221;stretch_row_content&#8221; conditional_render=&#8221;%5B%7B%22value_role%22%3A%22administrator%22%7D%5D&#8221;][vc_row][vc_column][vc_custom_heading text=&#8221;AKOMODIMI&#8221; font_container=&#8221;tag:h2|text_align:center&#8221; use_theme_fonts=&#8221;yes&#8221;][vc_separator][\/vc_column][\/vc_row][vc_row full_width=&#8221;stretch_row_content&#8221; gap=&#8221;15&#8243; text_align=&#8221;center&#8221; conditional_render=&#8221;%5B%7B%22value_role%22%3A%22administrator%22%7D%5D&#8221; css=&#8221;.vc_custom_1695292583502{margin-right: 20px !important;margin-left: 20px !important;padding-right: 10px !important;padding-left: 10px !important;}&#8221;][vc_column width=&#8221;1\/3&#8243;][vc_hoverbox image=&#8221;683&#8243; primary_title=&#8221;Superior&#8221; primary_title_font_container=&#8221;color:%23ffffff&#8221; primary_title_use_theme_fonts=&#8221;yes&#8221; hover_title=&#8221;Dhoma Superior&#8221; hover_btn_title=&#8221;Shiko Dhomen&#8221; hover_btn_style=&#8221;modern&#8221; hover_btn_color=&#8221;black&#8221; use_custom_fonts_primary_title=&#8221;true&#8221; hover_add_button=&#8221;true&#8221; hover_btn_link=&#8221;url:https%3A%2F%2Fsandybeach-resort.com%2Fsuperior-room%2F|title:Superior%20Room&#8221;]Dhomat Superior t\u00eb mobiluara me komoditet dhe shije ofrojn\u00eb t\u00eb gjitha leht\u00ebsit\u00eb q\u00eb ju garantojn\u00eb nj\u00eb q\u00ebndrim t\u00eb k\u00ebndsh\u00ebm dhe relaks.[\/vc_hoverbox][\/vc_column][vc_column width=&#8221;1\/3&#8243;][vc_hoverbox image=&#8221;684&#8243; primary_title=&#8221;Deluxe&#8221; primary_title_font_container=&#8221;color:%23ffffff&#8221; primary_title_use_theme_fonts=&#8221;yes&#8221; hover_title=&#8221;Dhoma Deluxe&#8221; hover_btn_title=&#8221;Shiko Dhomen&#8221; hover_btn_color=&#8221;black&#8221; use_custom_fonts_primary_title=&#8221;true&#8221; hover_add_button=&#8221;true&#8221; hover_btn_link=&#8221;url:https%3A%2F%2Fsandybeach-resort.com%2Fdeluxe-room%2F|title:DELUXE%20ROOM&#8221;]Dhomat Deluxe ruajn\u00eb origjinalitetin e tavaneve t\u00eb larta me nj\u00eb estetik\u00eb elegante, klasike t\u00eb dizajnit bashk\u00ebkohor p\u00ebr t\u00eb maksimizuar hap\u00ebsir\u00ebn dhe rehatin\u00eb.[\/vc_hoverbox][\/vc_column][vc_column width=&#8221;1\/3&#8243;][vc_hoverbox image=&#8221;685&#8243; primary_title=&#8221;Junior Suite&#8221; primary_title_font_container=&#8221;color:%23ffffff&#8221; primary_title_use_theme_fonts=&#8221;yes&#8221; hover_title=&#8221;Dhoma Junior Suite&#8221; hover_btn_title=&#8221;Shiko Dhomon&#8221; hover_btn_color=&#8221;black&#8221; use_custom_fonts_primary_title=&#8221;true&#8221; hover_add_button=&#8221;true&#8221; hover_btn_link=&#8221;url:https%3A%2F%2Fsandybeach-resort.com%2Fjunior-suite%2F|title:Junior%20Suite&#8221;]Bashk\u00eb me standartet e latra t\u00eb Sandy Beach Resort , ju do t\u00eb shijoni freskin\u00eb dhe qetesin\u00eb qe ofrojne dhomat e Junior Suite.[\/vc_hoverbox][\/vc_column][\/vc_row][vc_row full_width=&#8221;stretch_row_content&#8221; gap=&#8221;15&#8243; text_align=&#8221;center&#8221; conditional_render=&#8221;%5B%7B%22value_role%22%3A%22administrator%22%7D%5D&#8221; css=&#8221;.vc_custom_1695292621831{margin-top: 5px !important;margin-right: 20px !important;margin-bottom: 30px !important;margin-left: 20px !important;padding-right: 10px !important;padding-left: 10px !important;}&#8221;][vc_column width=&#8221;1\/3&#8243;][vc_hoverbox image=&#8221;618&#8243; primary_title=&#8221;Suite Sea Side&#8221; primary_title_font_container=&#8221;color:%23ffffff&#8221; primary_title_use_theme_fonts=&#8221;yes&#8221; hover_title=&#8221;Dhoma Suite Sea Side&#8221; hover_btn_title=&#8221;Shiko Dhomen&#8221; hover_btn_color=&#8221;black&#8221; use_custom_fonts_primary_title=&#8221;true&#8221; hover_add_button=&#8221;true&#8221; hover_btn_link=&#8221;url:https%3A%2F%2Fsandybeach-resort.com%2Fsuite-sea-view%2F|title:SUITE%20SEA%20VIEW&#8221;]Flini nj\u00eb gjum\u00eb t\u00eb mir\u00eb gjat\u00eb nat\u00ebs n\u00eb shtratin me p\u00ebrmasa &#8220;King Size Bed&#8221;. Uluni jasht\u00eb n\u00eb ballkonin ose tarrac\u00ebn tuaj dhe shijoni ajrin e past\u00ebr t\u00eb detit.[\/vc_hoverbox][\/vc_column][vc_column width=&#8221;1\/3&#8243;][vc_hoverbox image=&#8221;686&#8243; primary_title=&#8221;Familjare&#8221; primary_title_font_container=&#8221;color:%23ffffff&#8221; primary_title_use_theme_fonts=&#8221;yes&#8221; hover_title=&#8221;Dhoma Familjare&#8221; hover_btn_title=&#8221;Shiko Dhomen&#8221; hover_btn_color=&#8221;black&#8221; use_custom_fonts_primary_title=&#8221;true&#8221; hover_add_button=&#8221;true&#8221; hover_btn_link=&#8221;url:https%3A%2F%2Fsandybeach-resort.com%2Fsq%2Fdhome-familjare%2F|title:CONNECTION%20ROOM&#8221; primary_title_link=&#8221;url:https%3A%2F%2Fsandybeach-resort.com%2Fsq%2Fdhome-familjare%2F|title:Dhome%20Familjare&#8221;]Dhoma Familjare, e cila p\u00ebrb\u00ebhet nga dy dhoma standarde t\u00eb lidhura me nj\u00eb der\u00eb komunikuese, \u00ebsht\u00eb ideale p\u00ebr grupe familjare dhe miqsh e cila do t&#8217;ju l\u00ebr\u00eb t\u00eb shijoni pushimet me nj\u00eb rehati t\u00eb pakrahasueshme.[\/vc_hoverbox][\/vc_column][vc_column width=&#8221;1\/3&#8243;][vc_hoverbox image=&#8221;2781&#8243; primary_title=&#8221;Suite me Jacuzzi&#8221; primary_title_font_container=&#8221;color:%23ffffff&#8221; primary_title_use_theme_fonts=&#8221;yes&#8221; hover_title=&#8221;Suite me Jacuzzi&#8221; hover_btn_title=&#8221;Shiko Dhomen&#8221; hover_btn_color=&#8221;black&#8221; use_custom_fonts_primary_title=&#8221;true&#8221; hover_add_button=&#8221;true&#8221; hover_btn_link=&#8221;url:https%3A%2F%2Fsandybeach-resort.com%2Fsq%2Fsuite-me-jacuzzi%2F|title:Suite%20me%20Jacuzzi&#8221;]Suita jon\u00eb moderne \u00ebsht\u00eb projektuar p\u00ebr t\u00eb ofruar nj\u00eb standard t\u00eb lart\u00eb akomodimi, duke kombinuar funksionalitetin me eleganc\u00ebn bashk\u00ebkohore p\u00ebr t\u00eb krijuar nj\u00eb ambient t\u00eb rafinuar dhe t\u00eb p\u00ebrshtatsh\u00ebm.[\/vc_hoverbox][\/vc_column][\/vc_row][\/vc_section][vc_row][vc_column][vc_separator][\/vc_column][\/vc_row][vc_row][vc_column][vc_custom_heading text=&#8221;Pastrimi i Dhomes&#8221; font_container=&#8221;tag:h2|text_align:center&#8221; use_theme_fonts=&#8221;yes&#8221;][\/vc_column][\/vc_row][vc_row][vc_column width=&#8221;1\/6&#8243;]<div id=\"porto-icon-179690753969f2bd5811b9d\" class=\"porto-just-icon-wrapper porto-sicon-img porto-icon-pos-center\" style=\"font-size: 70px;\"><img loading=\"lazy\" decoding=\"async\" class=\"img-icon\" alt=\"\" src=\"https:\/\/sandybeach-resort.com\/wp-content\/uploads\/2023\/09\/cleaning-cart.png\" width=\"512\" height=\"512\" \/><\/div>[\/vc_column][vc_column width=&#8221;5\/6&#8243;][vc_column_text]N\u00eb hotelin ton\u00eb past\u00ebrtia nuk \u00ebsht\u00eb vet\u00ebm prioritet; \u00ebsht\u00eb nj\u00eb m\u00ebnyr\u00eb jetese. Ne jemi shum\u00eb t\u00eb kujdessh\u00ebm p\u00ebr ruajtjen e standardeve m\u00eb t\u00eb larta t\u00eb past\u00ebrtis\u00eb dhe higjien\u00ebs n\u00eb t\u00eb gjith\u00eb nd\u00ebrmarrjen ton\u00eb. Angazhimi yn\u00eb p\u00ebr t&#8217;ju ofruar nj\u00eb mjedis t\u00eb sigurt dhe t\u00eb rehatsh\u00ebm \u00ebsht\u00eb i pal\u00ebkundur.<\/p>\n<p>K\u00ebtu jan\u00eb disa nga m\u00ebnyrat se si sigurojm\u00eb past\u00ebrtin\u00eb e dhomave tona t\u00eb hotelit:[\/vc_column_text][\/vc_column][\/vc_row][vc_row][vc_column]<ul id=\"porto-info-list131052815669f2bd5812701\" class=\"porto-info-list  wpb_custom_2470fd4f9162ce1f73c94a8a2b72b3bf\"><li class=\"porto-info-list-item  wpb_custom_eade0171093a7591372ccf9372738e3d\"><i class=\"porto-info-icon fas fa-play\"><\/i><div class=\"porto-info-list-item-desc\"><strong>Inspektime t\u00eb rregullta:<\/strong> Ekipi yn\u00eb i pastrimit inspekton n\u00eb m\u00ebnyr\u00eb rutinore \u00e7do dhom\u00eb, duke i adresuar problemet menj\u00ebher\u00eb.<\/div><\/li><li class=\"porto-info-list-item  wpb_custom_eade0171093a7591372ccf9372738e3d\"><i class=\"porto-info-icon fas fa-play\"><\/i><div class=\"porto-info-list-item-desc\"><strong>Pastrim i plot\u00eb:<\/strong> Stafi yn\u00eb i trajnuar mir\u00eb pastron \u00e7do cep me kujdes dhe produkte cil\u00ebsore.<\/div><\/li><li class=\"porto-info-list-item  wpb_custom_eade0171093a7591372ccf9372738e3d\"><i class=\"porto-info-icon fas fa-play\"><\/i><div class=\"porto-info-list-item-desc\"><strong>Protokollet e dezinfektimit:<\/strong> Zonat q\u00eb aksesohen m\u00eb shum\u00eb, dezinfektohen me produkte t\u00eb shkall\u00ebs spitalore.<\/div><\/li><li class=\"porto-info-list-item  wpb_custom_eade0171093a7591372ccf9372738e3d\"><i class=\"porto-info-icon fas fa-play\"><\/i><div class=\"porto-info-list-item-desc\"><strong>\u00c7ar\u00e7af\u00eb dhe peshqir\u00eb t\u00eb past\u00ebr:<\/strong> Ne ofrojm\u00eb \u00e7ar\u00e7af\u00eb dhe peshqir\u00eb t\u00eb past\u00ebr p\u00ebr \u00e7do mysafir.<\/div><\/li><li class=\"porto-info-list-item  wpb_custom_eade0171093a7591372ccf9372738e3d\"><i class=\"porto-info-icon fas fa-play\"><\/i><div class=\"porto-info-list-item-desc\"><strong>Cil\u00ebsia e ajrit:<\/strong> Dhomat tona t\u00eb ajrosura mir\u00eb sigurojn\u00eb aj\u00ebr t\u00eb past\u00ebr dhe t\u00eb past\u00ebr.<\/div><\/li><li class=\"porto-info-list-item  wpb_custom_eade0171093a7591372ccf9372738e3d\"><i class=\"porto-info-icon fas fa-play\"><\/i><div class=\"porto-info-list-item-desc\"><strong>Komentet e vizitor\u00ebve:<\/strong> Ne e vler\u00ebsojm\u00eb kontributin tuaj p\u00ebr t\u00eb p\u00ebrmir\u00ebsuar vazhdimisht sh\u00ebrbimet tona. Faleminderit q\u00eb na zgjodh\u00ebt.<\/div><\/li><\/ul>[\/vc_column][\/vc_row]<\/p>\n<\/div>","protected":false},"excerpt":{"rendered":"<p>[vc_section full_width=&#8221;stretch_row_content&#8221; conditional_render=&#8221;%5B%7B%22value_role%22%3A%22administrator%22%7D%5D&#8221;][vc_row][vc_column][vc_custom_heading text=&#8221;AKOMODIMI&#8221; font_container=&#8221;tag:h2|text_align:center&#8221; use_theme_fonts=&#8221;yes&#8221;][vc_separator][\/vc_column][\/vc_row][vc_row full_width=&#8221;stretch_row_content&#8221; gap=&#8221;15&#8243; text_align=&#8221;center&#8221; conditional_render=&#8221;%5B%7B%22value_role%22%3A%22administrator%22%7D%5D&#8221; css=&#8221;.vc_custom_1695292583502{margin-right: 20px !important;margin-left: 20px !important;padding-right: 10px !important;padding-left: 10px !important;}&#8221;][vc_column width=&#8221;1\/3&#8243;][vc_hoverbox image=&#8221;683&#8243; primary_title=&#8221;Superior&#8221; primary_title_font_container=&#8221;color:%23ffffff&#8221; primary_title_use_theme_fonts=&#8221;yes&#8221; hover_title=&#8221;Dhoma Superior&#8221; hover_btn_title=&#8221;Shiko Dhomen&#8221; hover_btn_style=&#8221;modern&#8221; hover_btn_color=&#8221;black&#8221; use_custom_fonts_primary_title=&#8221;true&#8221; hover_add_button=&#8221;true&#8221; hover_btn_link=&#8221;url:https%3A%2F%2Fsandybeach-resort.com%2Fsuperior-room%2F|title:Superior%20Room&#8221;]Dhomat Superior t\u00eb mobiluara me komoditet dhe shije ofrojn\u00eb t\u00eb gjitha leht\u00ebsit\u00eb q\u00eb ju garantojn\u00eb nj\u00eb q\u00ebndrim t\u00eb k\u00ebndsh\u00ebm dhe relaks.[\/vc_hoverbox][\/vc_column][vc_column width=&#8221;1\/3&#8243;][vc_hoverbox image=&#8221;684&#8243; [&hellip;]<\/p>\n","protected":false},"author":1,"featured_media":0,"parent":0,"menu_order":0,"comment_status":"closed","ping_status":"closed","template":"","meta":{"footnotes":""},"class_list":["post-1561","page","type-page","status-publish","hentry"],"_links":{"self":[{"href":"https:\/\/sandybeach-resort.com\/sq\/wp-json\/wp\/v2\/pages\/1561","targetHints":{"allow":["GET"]}}],"collection":[{"href":"https:\/\/sandybeach-resort.com\/sq\/wp-json\/wp\/v2\/pages"}],"about":[{"href":"https:\/\/sandybeach-resort.com\/sq\/wp-json\/wp\/v2\/types\/page"}],"author":[{"embeddable":true,"href":"https:\/\/sandybeach-resort.com\/sq\/wp-json\/wp\/v2\/users\/1"}],"replies":[{"embeddable":true,"href":"https:\/\/sandybeach-resort.com\/sq\/wp-json\/wp\/v2\/comments?post=1561"}],"version-history":[{"count":9,"href":"https:\/\/sandybeach-resort.com\/sq\/wp-json\/wp\/v2\/pages\/1561\/revisions"}],"predecessor-version":[{"id":3120,"href":"https:\/\/sandybeach-resort.com\/sq\/wp-json\/wp\/v2\/pages\/1561\/revisions\/3120"}],"wp:attachment":[{"href":"https:\/\/sandybeach-resort.com\/sq\/wp-json\/wp\/v2\/media?parent=1561"}],"curies":[{"name":"wp","href":"https:\/\/api.w.org\/{rel}","templated":true}]}}