{"id":1565,"date":"2023-10-14T14:38:47","date_gmt":"2023-10-14T14:38:47","guid":{"rendered":"https:\/\/sandybeach-resort.com\/?page_id=1565"},"modified":"2026-02-11T10:26:47","modified_gmt":"2026-02-11T10:26:47","slug":"restorantet-baret","status":"publish","type":"page","link":"https:\/\/sandybeach-resort.com\/sq\/restorantet-baret\/","title":{"rendered":"Restorantet &#038; Baret"},"content":{"rendered":"<div class=\"wpb-content-wrapper\"><p>[vc_row full_width=&#8221;stretch_row_content&#8221; css=&#8221;.vc_custom_1698221736141{margin-top: -50px !important;background-color: #ededed !important;}&#8221; conditional_render=&#8221;%5B%7B%22value_role%22%3A%22administrator%22%7D%5D&#8221; el_id=&#8221;alacarte&#8221;][vc_column width=&#8221;1\/2&#8243;][vc_custom_heading text=&#8221;\u00c0 LA CARTE&#8221; use_theme_fonts=&#8221;yes&#8221; css=&#8221;.vc_custom_1698221749006{margin-top: 30px !important;margin-left: 20px !important;}&#8221;][vc_custom_heading text=&#8221;\u201cVeranda\u201d nga Sandy Beach Resort.&#8221; font_container=&#8221;tag:h3|text_align:left&#8221; use_theme_fonts=&#8221;yes&#8221; css=&#8221;.vc_custom_1698221754718{margin-left: 20px !important;}&#8221;][vc_column_text css=&#8221;.vc_custom_1738858253428{margin-left: 20px !important;}&#8221;]Restoranti yn\u00eb \u00e0 la carte ofron nj\u00eb p\u00ebrvoj\u00eb t\u00eb sofistikuar kulinare, ku gatimet e fresk\u00ebta t\u00eb detit, pjatat e p\u00ebrgatitura me mjesht\u00ebri dhe shijet e ve\u00e7anta nd\u00ebrthuren n\u00eb nj\u00eb atmosfer\u00eb elegante. Shijoni nj\u00eb p\u00ebrzgjedhje t\u00eb ushqimeve t\u00eb shijshme t\u00eb p\u00ebrgatitura me p\u00ebrb\u00ebr\u00ebsit m\u00eb cil\u00ebsor\u00eb, p\u00ebr nj\u00eb udh\u00ebtim t\u00eb paharruesh\u00ebm gastronomik.[\/vc_column_text][vc_column_text css=&#8221;.vc_custom_1739370898058{margin-left: 20px !important;}&#8221;]<strong>Sh\u00ebrbimi i &#8220;\u00c0 la carte&#8221; \u00ebsht\u00eb i hapur \u00e7do dit\u00eb <\/strong><br \/>\n12:00 \u2013 23:00[\/vc_column_text]<div class=\"porto-btn-ctn-left \"><a class=\"porto-btn  vc_custom_1770805035357 porto-adjust-bottom-margin porto-btn-normal porto-btn-fade-bg   wpb_custom_fa51088c2567b780100c1edcf8821d3b  porto-btn-left \"  rel='' href = \"https:\/\/sandybeach-resort.com\/veranda-menu\/\" target='_blank' data-hover=\"#ffffff\" data-border-color=\"\" data-bg=\"#ddb373\" data-hover-bg=\"#dd8b0f\" data-border-hover=\"\" data-shadow-click=\"none\" data-shadow=\"\" style=\"border:none;background: #ddb373;color: #0a0a0a;\"><span class=\"porto-btn-hover\" style=\"background-color:#dd8b0f\"><\/span><span class=\"porto-btn-data porto-btn-text \" >Shiko Menune<\/span><\/a><\/div>[\/vc_column][vc_column width=&#8221;1\/2&#8243; css=&#8221;.vc_custom_1698221700181{background-image: url(https:\/\/sandybeach-resort.com\/wp-content\/uploads\/2023\/10\/DSC_0525-scaled.jpg?id=1682) !important;background-position: center !important;background-repeat: no-repeat !important;background-size: cover !important;}&#8221; conditional_render=&#8221;%5B%7B%22value_role%22%3A%22administrator%22%7D%5D&#8221;][vc_empty_space height=&#8221;302px&#8221;][\/vc_column][\/vc_row][vc_row full_width=&#8221;stretch_row_content&#8221; css=&#8221;.vc_custom_1698221714585{background-color: #ededed !important;}&#8221; conditional_render=&#8221;%5B%7B%22value_role%22%3A%22administrator%22%7D%5D&#8221; el_id=&#8221;beachbar&#8221;][vc_column width=&#8221;1\/2&#8243; css=&#8221;.vc_custom_1695218711262{background-image: url(https:\/\/sandybeach-resort.com\/wp-content\/uploads\/2023\/09\/41F5B67A-3E35-4995-ABBA-7EABD4F7317F-scaled.jpeg?id=655) !important;background-position: center !important;background-repeat: no-repeat !important;background-size: cover !important;}&#8221; conditional_render=&#8221;%5B%7B%22value_role%22%3A%22administrator%22%7D%5D&#8221;][vc_empty_space height=&#8221;502px&#8221;][\/vc_column][vc_column width=&#8221;1\/2&#8243; css=&#8221;.vc_custom_1695220616278{margin-top: 10px !important;background-position: center !important;background-repeat: no-repeat !important;background-size: cover !important;}&#8221; conditional_render=&#8221;%5B%7B%22value_role%22%3A%22administrator%22%7D%5D&#8221;][vc_custom_heading text=&#8221;BEACH BAR&#8221; use_theme_fonts=&#8221;yes&#8221; css=&#8221;.vc_custom_1698221774135{margin-top: 20px !important;margin-left: 20px !important;}&#8221;][vc_custom_heading text=&#8221;Eksperienca n\u00eb Beach Bar&#8221; font_container=&#8221;tag:h3|text_align:left&#8221; use_theme_fonts=&#8221;yes&#8221; css=&#8221;.vc_custom_1698221780822{margin-top: 10px !important;margin-right: 10px !important;margin-bottom: 10px !important;margin-left: 20px !important;}&#8221;][vc_column_text css=&#8221;.vc_custom_1738858463812{margin-left: 20px !important;}&#8221;]Shijoni pamjen nga plazhi, pije t\u00eb fresk\u00ebta dhe sandui\u00e7e t\u00eb shijshme \u00e7do dit\u00eb n\u00eb Sandy Beach Bar .<br \/>\nS\u00eb fundmi nd\u00ebrtuam Beach Bar-in p\u00ebr ta b\u00ebr\u00eb resortin ton\u00eb akoma m\u00eb t\u00eb mir\u00eb, me bar t\u00eb madh, dekor modern dhe mobilje t\u00eb reja dhe komode. Tani ne mund t&#8217;u sh\u00ebrbejm\u00eb t\u00eb gjith\u00eb mysafir\u00ebve tan\u00eb q\u00eb ndalojn\u00eb p\u00ebr arg\u00ebtim dhe p\u00ebr t&#8217;u \u00e7lodhur dhe p\u00ebr t\u00eb kapur per\u00ebndimin shum\u00ebngjyr\u00ebsh t\u00eb diellit.<br \/>\n\u00cbsht\u00eb m\u00ebnyra e p\u00ebrsosur p\u00ebr t\u00eb kaluar &#8211; ose p\u00ebr t\u00eb p\u00ebrfunduar &#8211; nj\u00eb dit\u00eb n\u00eb vendpushimin ton\u00eb buz\u00eb detit.<\/p>\n<p><strong>E Diel \u2013 E Enjte<br \/>\n<\/strong>07:00 AM \u2013 11:00 PM<\/p>\n<p><strong>E Premte, E Shtun\u00eb<\/strong><br \/>\n07:00 AM \u2013 1:00 PM<\/p>\n<p><strong>Menuja All Inclusive sh\u00ebrbehet ne orarin : 10:00 &#8211; 18:00<\/strong>[\/vc_column_text][\/vc_column][\/vc_row][vc_row full_width=&#8221;stretch_row_content&#8221; css=&#8221;.vc_custom_1698221722330{background-color: #ededed !important;}&#8221; conditional_render=&#8221;%5B%7B%22value_role%22%3A%22administrator%22%7D%5D&#8221; el_id=&#8221;restaurant&#8221;][vc_column width=&#8221;1\/2&#8243; css=&#8221;.vc_custom_1695220627457{margin-top: 10px !important;background-position: center !important;background-repeat: no-repeat !important;background-size: cover !important;}&#8221; conditional_render=&#8221;%5B%7B%22value_role%22%3A%22administrator%22%7D%5D&#8221;][vc_custom_heading text=&#8221;RESTAURANTI&#8221; use_theme_fonts=&#8221;yes&#8221; css=&#8221;.vc_custom_1738857934581{margin-top: 20px !important;margin-left: 20px !important;}&#8221;][vc_column_text css=&#8221;.vc_custom_1738682770027{margin-left: 20px !important;}&#8221;]Filloni m\u00ebngjesin tuaj me bufen\u00eb ton\u00eb t\u00eb pasur, e cila ofron nj\u00eb shum\u00ebllojshm\u00ebri t\u00eb gjer\u00eb opsionesh t\u00eb fresk\u00ebta dhe t\u00eb shijshme. N\u00eb mbr\u00ebmje, ekipi yn\u00eb kulinar paraqet nj\u00eb p\u00ebrzgjedhje ekskluzive shijesh nd\u00ebrkomb\u00ebtare dhe kuzhin\u00eb tradicionale shqiptare. N\u00eb stacionet tona t\u00eb gatimit live, p\u00ebrgatisim nj\u00eb gam\u00eb t\u00eb gjer\u00eb pjatash duke p\u00ebrdorur vet\u00ebm p\u00ebrb\u00ebr\u00ebsit m\u00eb t\u00eb fresk\u00ebt p\u00ebr t&#8217;u siguruar q\u00eb t\u00eb keni nj\u00eb eksperienc\u00eb t\u00eb paharrueshme ushqimi.<\/p>\n<p>Restoranti yn\u00eb mir\u00ebpret si mysafir\u00ebt e hotelit ashtu edhe publikun, duke ofruar nj\u00eb p\u00ebrzgjedhje t\u00eb shijshme krijimesh t\u00eb b\u00ebra n\u00eb sht\u00ebpi, t\u00eb p\u00ebrgatitura me dashuri \u2013 ashtu si\u00e7 na p\u00eblqen t\u00eb themi. Nga nj\u00eb sallat\u00eb e thjesht\u00eb\u00a0 e gjelb\u00ebr deri te sallatrat me fruta deti t\u00eb fresk\u00ebta dhe t\u00eb mahnitsh\u00ebm, le t&#8217;ju \u00e7ojm\u00eb n\u00eb nj\u00eb udh\u00ebtim p\u00ebrmes bot\u00ebs s\u00eb mrekullueshme t\u00eb gastronomis\u00eb shqiptare dhe mesdhetare. E gjitha kjo, e shoq\u00ebruar nga nj\u00eb er\u00eb e but\u00eb deti, ngroht\u00ebsia e nj\u00eb buz\u00ebqeshjeje t\u00eb sinqert\u00eb dhe sh\u00ebrbimi miq\u00ebsor, garanton nj\u00eb eksperienc\u00eb t\u00eb mrekullueshme t\u00eb ngr\u00ebnies.<\/p>\n<p>Nj\u00eb koleksion i kujdessh\u00ebm i ver\u00ebrave lokale dhe nd\u00ebrkomb\u00ebtare, t\u00eb zgjedhura \u00e7do vit nga sommelieri yn\u00eb, sh\u00ebrbejn\u00eb si shoq\u00ebruesi i p\u00ebrsosur p\u00ebr ushqimin tuaj.<\/p>\n<p><strong>Evente Speciale<\/strong><br \/>\nNj\u00eb her\u00eb n\u00eb jav\u00eb (n\u00ebse moti e lejon), ne organizojm\u00eb nj\u00eb <strong>BBQ Night<\/strong> n\u00eb restorantin kryesor, ku ofrohen pes\u00eb lloje mishrash t\u00eb pjekura dhe sardele. Nj\u00eb p\u00ebrzgjedhje n\u00eb stil bufet e sallatrve t\u00eb fresk\u00ebta, p\u00ebrshesh\u00ebve shqiptare dhe garniturave e pasuron p\u00ebrvoj\u00ebn.<\/p>\n<p><strong>Duhani<\/strong> lejohet n\u00eb hap\u00ebsirat e ngr\u00ebnies n\u00eb ambiente t\u00eb jashtme.<\/p>\n<p><strong>Kodi i Veshjes<\/strong><br \/>\nP\u00ebr t\u00eb ruajtur atmosfer\u00ebn e ngr\u00ebnies 4-yjeshe me nj\u00eb p\u00ebrzierje eleganc\u00eb komb\u00ebtare dhe nd\u00ebrkomb\u00ebtare, k\u00ebrkohet nj\u00eb <strong>kod veshjeje smart casual<\/strong> p\u00ebr dark\u00ebn n\u00eb t\u00eb gjitha restorantet. Ju lutemi, k\u00ebrkojm\u00eb nga mysafir\u00ebt t\u00eb shmangin veshjen e rrobave t\u00eb banjos, pantallonave t\u00eb shkurtra t\u00eb plazhit, sandaleve ose k\u00ebmishave pa m\u00ebng\u00eb (p\u00ebr meshkujt vet\u00ebm).[\/vc_column_text][\/vc_column][vc_column width=&#8221;1\/2&#8243; css=&#8221;.vc_custom_1695219010765{background-image: url(https:\/\/sandybeach-resort.com\/wp-content\/uploads\/2023\/09\/2-scaled.jpg?id=887) !important;background-position: center !important;background-repeat: no-repeat !important;background-size: cover !important;}&#8221; conditional_render=&#8221;%5B%7B%22value_role%22%3A%22administrator%22%7D%5D&#8221;][vc_empty_space height=&#8221;502px&#8221;][\/vc_column][\/vc_row][vc_row full_width=&#8221;stretch_row_content&#8221; css=&#8221;.vc_custom_1698221728245{background-color: #ededed !important;}&#8221; conditional_render=&#8221;%5B%7B%22value_role%22%3A%22administrator%22%7D%5D&#8221; el_id=&#8221;lobby&#8221;][vc_column width=&#8221;1\/2&#8243; css=&#8221;.vc_custom_1695219699689{background-image: url(https:\/\/sandybeach-resort.com\/wp-content\/uploads\/2023\/09\/Foto-53-scaled.jpg?id=888) !important;background-position: center !important;background-repeat: no-repeat !important;background-size: cover !important;}&#8221; conditional_render=&#8221;%5B%7B%22value_role%22%3A%22administrator%22%7D%5D&#8221;][vc_empty_space height=&#8221;502px&#8221;][\/vc_column][vc_column width=&#8221;1\/2&#8243; css=&#8221;.vc_custom_1695220635609{margin-top: 10px !important;background-position: center !important;background-repeat: no-repeat !important;background-size: cover !important;}&#8221; conditional_render=&#8221;%5B%7B%22value_role%22%3A%22administrator%22%7D%5D&#8221;][vc_custom_heading text=&#8221;LOBBY BAR&#8221; use_theme_fonts=&#8221;yes&#8221; css=&#8221;.vc_custom_1698221804999{margin-top: 20px !important;margin-left: 20px !important;}&#8221;][vc_column_text css=&#8221;.vc_custom_1738858329612{margin-left: 20px !important;}&#8221;]Ekspansive dhe intime, me dritare t\u00eb m\u00ebdha nga dyshemeja deri n\u00eb tavan me pamje nga t\u00eb gjitha zonat e jashtme t\u00eb hotelit, t\u00eb rrethuara nga dizajni modern dhe elegant. Me kokteje sipas porosis\u00eb, lobby bar \u00ebsht\u00eb nj\u00eb lloj i ri vendi rehatie p\u00ebr mysafir\u00ebt e huaj dhe vendasit. Elementet e dizajnit nd\u00ebrthuren n\u00eb Lobby Bar si p\u00ebr pun\u00eb, ashtu edhe p\u00ebr argetim, n\u00eb k\u00ebt\u00eb hap\u00ebsir\u00eb \u200b\u200btradicionale ofron Wi-Fi falas, divane t\u00eb rehat\u00ebshme dhe t\u00eb dizenjuara per te qendruar ne grup.<\/p>\n<p>Pavar\u00ebsisht n\u00ebse po e filloni dit\u00ebn tuaj me nj\u00eb kafe ose po pushoni me nj\u00eb got\u00eb ver\u00eb ose nj\u00eb koktej ekzotik, do t\u00eb jeni t\u00eb sigurt q\u00eb t\u00eb pushoni n\u00eb ndenj\u00ebsen ton\u00eb komode moderne.<\/p>\n<p><strong>Orari<\/strong><br \/>\n07:00 &#8211; 23:30[\/vc_column_text][\/vc_column][\/vc_row][vc_row full_width=&#8221;stretch_row_content&#8221; css=&#8221;.vc_custom_1698221722330{background-color: #ededed !important;}&#8221; conditional_render=&#8221;%5B%7B%22value_role%22%3A%22administrator%22%7D%5D&#8221;][vc_column width=&#8221;1\/2&#8243; css=&#8221;.vc_custom_1695220627457{margin-top: 10px !important;background-position: center !important;background-repeat: no-repeat !important;background-size: cover !important;}&#8221; conditional_render=&#8221;%5B%7B%22value_role%22%3A%22administrator%22%7D%5D&#8221;][vc_custom_heading text=&#8221;POOL BAR&#8221; use_theme_fonts=&#8221;yes&#8221; css=&#8221;.vc_custom_1738858048892{margin-top: 20px !important;margin-left: 20px !important;}&#8221;][vc_column_text css=&#8221;.vc_custom_1738858321460{margin-left: 20px !important;}&#8221;]Pool Bar ndodhet pran\u00eb pishin\u00ebs kryesore dhe \u00ebsht\u00eb dedikuar ekskluzivisht p\u00ebr t\u00eb sh\u00ebrbyer menun\u00eb all-inclusive. I nd\u00ebrtuar prej druri, ai harmonizohet n\u00eb m\u00ebnyr\u00eb t\u00eb p\u00ebrsosur me ambientin p\u00ebrreth, duke krijuar nj\u00eb atmosfer\u00eb t\u00eb ngroht\u00eb dhe mikprit\u00ebse ku mysafir\u00ebt mund t\u00eb shijojn\u00eb pije freskuese gjat\u00eb dit\u00ebs.<\/p>\n<p><strong>Orari<\/strong><br \/>\n10:00 &#8211; 22:00[\/vc_column_text][\/vc_column][vc_column width=&#8221;1\/2&#8243; css=&#8221;.vc_custom_1738857948738{background-image: url(https:\/\/sandybeach-resort.com\/wp-content\/uploads\/2025\/02\/IMG_2801-scaled.jpeg?id=2334) !important;background-position: center !important;background-repeat: no-repeat !important;background-size: cover !important;}&#8221; conditional_render=&#8221;%5B%7B%22value_role%22%3A%22administrator%22%7D%5D&#8221;][vc_empty_space height=&#8221;502px&#8221;][\/vc_column][\/vc_row]<\/p>\n<\/div>","protected":false},"excerpt":{"rendered":"<p>[vc_row full_width=&#8221;stretch_row_content&#8221; css=&#8221;.vc_custom_1698221736141{margin-top: -50px !important;background-color: #ededed !important;}&#8221; conditional_render=&#8221;%5B%7B%22value_role%22%3A%22administrator%22%7D%5D&#8221; el_id=&#8221;alacarte&#8221;][vc_column width=&#8221;1\/2&#8243;][vc_custom_heading text=&#8221;\u00c0 LA CARTE&#8221; use_theme_fonts=&#8221;yes&#8221; css=&#8221;.vc_custom_1698221749006{margin-top: 30px !important;margin-left: 20px !important;}&#8221;][vc_custom_heading text=&#8221;\u201cVeranda\u201d nga Sandy Beach Resort.&#8221; font_container=&#8221;tag:h3|text_align:left&#8221; use_theme_fonts=&#8221;yes&#8221; css=&#8221;.vc_custom_1698221754718{margin-left: 20px !important;}&#8221;][vc_column_text css=&#8221;.vc_custom_1738858253428{margin-left: 20px !important;}&#8221;]Restoranti yn\u00eb \u00e0 la carte ofron nj\u00eb p\u00ebrvoj\u00eb t\u00eb sofistikuar kulinare, ku gatimet e fresk\u00ebta t\u00eb detit, pjatat e p\u00ebrgatitura me mjesht\u00ebri dhe shijet [&hellip;]<\/p>\n","protected":false},"author":1,"featured_media":0,"parent":0,"menu_order":0,"comment_status":"closed","ping_status":"closed","template":"","meta":{"footnotes":""},"class_list":["post-1565","page","type-page","status-publish","hentry"],"_links":{"self":[{"href":"https:\/\/sandybeach-resort.com\/sq\/wp-json\/wp\/v2\/pages\/1565","targetHints":{"allow":["GET"]}}],"collection":[{"href":"https:\/\/sandybeach-resort.com\/sq\/wp-json\/wp\/v2\/pages"}],"about":[{"href":"https:\/\/sandybeach-resort.com\/sq\/wp-json\/wp\/v2\/types\/page"}],"author":[{"embeddable":true,"href":"https:\/\/sandybeach-resort.com\/sq\/wp-json\/wp\/v2\/users\/1"}],"replies":[{"embeddable":true,"href":"https:\/\/sandybeach-resort.com\/sq\/wp-json\/wp\/v2\/comments?post=1565"}],"version-history":[{"count":15,"href":"https:\/\/sandybeach-resort.com\/sq\/wp-json\/wp\/v2\/pages\/1565\/revisions"}],"predecessor-version":[{"id":2984,"href":"https:\/\/sandybeach-resort.com\/sq\/wp-json\/wp\/v2\/pages\/1565\/revisions\/2984"}],"wp:attachment":[{"href":"https:\/\/sandybeach-resort.com\/sq\/wp-json\/wp\/v2\/media?parent=1565"}],"curies":[{"name":"wp","href":"https:\/\/api.w.org\/{rel}","templated":true}]}}