{"id":1585,"date":"2023-10-15T14:23:28","date_gmt":"2023-10-15T14:23:28","guid":{"rendered":"https:\/\/sandybeach-resort.com\/?page_id=1585"},"modified":"2025-02-04T16:40:29","modified_gmt":"2025-02-04T16:40:29","slug":"per-femijet","status":"publish","type":"page","link":"https:\/\/sandybeach-resort.com\/sq\/per-femijet\/","title":{"rendered":"Per Femij\u00ebt"},"content":{"rendered":"<div class=\"wpb-content-wrapper\"><p>[vc_row css=&#8221;.vc_custom_1695390023811{margin-top: -100px !important;}&#8221; conditional_render=&#8221;%5B%7B%22value_role%22%3A%22administrator%22%7D%5D&#8221;][vc_column]<div id=\"\" class=\"video-player-for-wpbakery \">\n    <div class=\"video-player-for-wpbakery-container\">\n        <video width=\"960\" height=\"715\" controls   >\n            <source src=\"https:\/\/sandybeach-resort.com\/wp-content\/uploads\/2023\/09\/sandy-beach-kids-club.mp4\" type=\"video\/mp4\">\n            Your browser does not support the video tag.        <\/video>\n    <\/div>\n<\/div>\n[\/vc_column][\/vc_row][vc_row full_width=&#8221;stretch_row_content&#8221; css=&#8221;.vc_custom_1698221906718{background-color: #e5e5e5 !important;}&#8221; conditional_render=&#8221;%5B%7B%22value_role%22%3A%22administrator%22%7D%5D&#8221;][vc_column width=&#8221;1\/2&#8243;][vc_custom_heading text=&#8221;Kids Club&#8221; use_theme_fonts=&#8221;yes&#8221; css=&#8221;.vc_custom_1698221925624{margin-top: 30px !important;margin-right: 30px !important;margin-bottom: 30px !important;margin-left: 20px !important;}&#8221;][vc_column_text css=&#8221;.vc_custom_1738686842165{margin-left: 20px !important;}&#8221;]<\/p>\n<div class=\"flex-shrink-0 flex flex-col relative items-end\">\n<div>\n<div class=\"pt-0\">\n<div class=\"gizmo-bot-avatar flex h-8 w-8 items-center justify-center overflow-hidden rounded-full\">\n<p class=\"relative p-1 rounded-sm flex items-center justify-center bg-token-main-surface-primary text-token-text-primary h-8 w-8\">Sandy Beach Resort ofron nj\u00eb mund\u00ebsi fantastike p\u00ebr t\u00eb siguruar arg\u00ebtimin e f\u00ebmij\u00ebve dhe p\u00ebr ta b\u00ebr\u00eb pushimin tuaj familjar nj\u00eb p\u00ebrvoj\u00eb t\u00eb paharrueshme. Animator\u00ebt tan\u00eb profesionist\u00eb ofrojn\u00eb aktivitete frym\u00ebzuese dhe t\u00ebrheq\u00ebse p\u00ebr f\u00ebmij\u00ebt nga 4 muaj deri n\u00eb 12 vje\u00e7. Kids Club siguron q\u00eb f\u00ebmij\u00ebt tuaj t\u00eb jen\u00eb n\u00eb nj\u00eb mjedis t\u00eb sigurt dhe arg\u00ebtues p\u00ebr kujdesin ndaj f\u00ebmij\u00ebve, duke punuar me standardet m\u00eb t\u00eb larta dhe me nj\u00eb ekip q\u00eb jemi krenar p\u00ebr ta.<\/p>\n<\/div>\n<\/div>\n<\/div>\n<\/div>\n<div class=\"group\/conversation-turn relative flex w-full min-w-0 flex-col agent-turn\">\n<div class=\"flex-col gap-1 md:gap-3\">\n<div class=\"flex max-w-full flex-col flex-grow\">\n<div class=\"min-h-8 text-message flex w-full flex-col items-end gap-2 whitespace-normal break-words text-start [.text-message+&amp;]:mt-5\" dir=\"auto\" data-message-author-role=\"assistant\" data-message-id=\"44161c5a-6baf-4387-9bb0-da7ef55186b5\" data-message-model-slug=\"gpt-4o-mini\">\n<div class=\"flex w-full flex-col gap-1 empty:hidden first:pt-[3px]\">\n<div class=\"markdown prose w-full break-words dark:prose-invert light\">\n<p>E vendosur af\u00ebr pishin\u00ebs kryesore, Kids Club \u00ebsht\u00eb projektuar p\u00ebr t\u00eb ofruar nj\u00eb gam\u00eb t\u00eb gjer\u00eb hap\u00ebsirash p\u00ebr loj\u00ebra t\u00eb brendshme dhe t\u00eb jashtme, nd\u00ebrkoh\u00eb q\u00eb prind\u00ebrit mund t\u00eb relaksohen dhe t\u00eb shohin f\u00ebmij\u00ebt e tyre duke u arg\u00ebtuar.<\/p>\n<p>Lodra t\u00eb p\u00ebrshtat\u00ebshme p\u00ebr p\u00ebrdorim t\u00eb brendsh\u00ebm dhe t\u00eb jasht\u00ebm<br \/>\nAktivitete arg\u00ebtuese t\u00eb animacionit<br \/>\nStaf i trajnuar profesionalisht p\u00ebr animacion<br \/>\nProgram kreativiteti<br \/>\nOr\u00ebt e operimit: 09:00-13:00 &amp; 15:00-19:00<\/p>\n<p>F\u00ebmij\u00ebt mund t\u00eb luajn\u00eb, krijojn\u00eb, m\u00ebsojn\u00eb dhe b\u00ebjn\u00eb miq, t\u00eb marrin pjes\u00eb n\u00eb shfaqje ose ekskursione t\u00eb shkurtra. Klubi ofron, nd\u00ebr t\u00eb tjera, aktivitete t\u00eb ndryshme arg\u00ebtuese.<br \/>\nF\u00ebmij\u00ebt n\u00ebn 4 vje\u00e7 duhet t\u00eb shoq\u00ebrohen nga prind\u00ebrit.<\/p>\n<\/div>\n<\/div>\n<\/div>\n<\/div>\n<\/div>\n<\/div>\n<p>&nbsp;[\/vc_column_text][\/vc_column][vc_column width=&#8221;1\/2&#8243; css=&#8221;.vc_custom_1695222026769{background-image: url(https:\/\/sandybeach-resort.com\/wp-content\/uploads\/2023\/09\/823.jpg?id=897) !important;background-position: center !important;background-repeat: no-repeat !important;background-size: cover !important;}&#8221; conditional_render=&#8221;%5B%7B%22value_role%22%3A%22administrator%22%7D%5D&#8221;][vc_empty_space height=&#8221;402px&#8221;][\/vc_column][\/vc_row][vc_row full_width=&#8221;stretch_row_content&#8221; css=&#8221;.vc_custom_1698221945981{background-color: #e5e5e5 !important;}&#8221; conditional_render=&#8221;%5B%7B%22value_role%22%3A%22administrator%22%7D%5D&#8221;][vc_column width=&#8221;1\/2&#8243; css=&#8221;.vc_custom_1695222004103{background-image: url(https:\/\/sandybeach-resort.com\/wp-content\/uploads\/2023\/09\/1111.jpeg?id=896) !important;background-position: center !important;background-repeat: no-repeat !important;background-size: cover !important;}&#8221; conditional_render=&#8221;%5B%7B%22value_role%22%3A%22administrator%22%7D%5D&#8221;][vc_empty_space height=&#8221;320px&#8221;][\/vc_column][vc_column width=&#8221;1\/2&#8243; css=&#8221;.vc_custom_1695224278415{margin: 0px !important;}&#8221; conditional_render=&#8221;%5B%7B%22value_role%22%3A%22administrator%22%7D%5D&#8221;][vc_custom_heading text=&#8221;Kids Corner&#8221; use_theme_fonts=&#8221;yes&#8221; css=&#8221;.vc_custom_1695224311694{margin-top: 20px !important;margin-left: 20px !important;}&#8221;][vc_column_text css=&#8221;.vc_custom_1738687024820{margin-left: 20px !important;}&#8221;]K\u00ebndi yn\u00eb i loj\u00ebrave p\u00ebr f\u00ebmij\u00eb n\u00eb natyr\u00eb ka nj\u00eb dysheme t\u00eb but\u00eb p\u00ebr t\u00eb zbutur goditjen n\u00ebse femija juaj merr nj\u00eb rrokullisje. Me nj\u00eb rr\u00ebshqitje dhe shum\u00eb tuba p\u00ebr t\u00eb hyr\u00eb dhe dal\u00eb, k\u00ebndi yn\u00eb i loj\u00ebrave me siguri do t&#8217;i lodh\u00eb ato. F\u00ebmij\u00ebt duhet t\u00eb mbik\u00ebqyren gjat\u00eb gjith\u00eb koh\u00ebs n\u00eb k\u00ebndin e jasht\u00ebm t\u00eb loj\u00ebrave.[\/vc_column_text][\/vc_column][\/vc_row][vc_row full_width=&#8221;stretch_row_content&#8221; css=&#8221;.vc_custom_1698221952960{background-color: #e5e5e5 !important;}&#8221; conditional_render=&#8221;%5B%7B%22value_role%22%3A%22administrator%22%7D%5D&#8221;][vc_column width=&#8221;1\/2&#8243; css=&#8221;.vc_custom_1695224296526{margin: 0px !important;}&#8221; conditional_render=&#8221;%5B%7B%22value_role%22%3A%22administrator%22%7D%5D&#8221;][vc_custom_heading text=&#8221;Kids Pool&#8221; use_theme_fonts=&#8221;yes&#8221; css=&#8221;.vc_custom_1695224318974{margin-top: 20px !important;margin-left: 20px !important;}&#8221;][vc_column_text css=&#8221;.vc_custom_1738687153140{margin-left: 20px !important;}&#8221;]I ndodhur n\u00eb pishin\u00ebn kryesore hoteli yn\u00eb ofron nj\u00eb pishin\u00eb speciale p\u00ebr f\u00ebmij\u00ebt tuaj p\u00ebr t\u00eb garantuar sigurin\u00eb dhe arg\u00ebtimin e tyre. Pishina e f\u00ebmij\u00ebve \u00ebsht\u00eb vet\u00ebm 55 cm e thell\u00eb dhe 6 m2, k\u00ebshtu q\u00eb f\u00ebmij\u00ebt mund t\u00eb luajn\u00eb p\u00ebrreth, t\u00eb arg\u00ebtohen me f\u00ebmij\u00ebt e tjer\u00eb dhe t\u00eb k\u00ebnaqen pran\u00eb prind\u00ebrve t\u00eb tyre.[\/vc_column_text][\/vc_column][vc_column width=&#8221;1\/2&#8243; conditional_render=&#8221;%5B%7B%22value_role%22%3A%22administrator%22%7D%5D&#8221; css=&#8221;.vc_custom_1695221834218{background-image: url(https:\/\/sandybeach-resort.com\/wp-content\/uploads\/2023\/09\/82.jpg?id=895) !important;background-position: center !important;background-repeat: no-repeat !important;background-size: cover !important;}&#8221;][vc_empty_space height=&#8221;342px&#8221;][\/vc_column][\/vc_row][vc_row][vc_column][vc_custom_heading text=&#8221;Gallery&#8221; font_container=&#8221;tag:h1|text_align:center&#8221; use_theme_fonts=&#8221;yes&#8221; css=&#8221;.vc_custom_1695224329174{margin-top: 30px !important;}&#8221;][\/vc_column][\/vc_row][vc_row full_width=&#8221;stretch_row_content&#8221; conditional_render=&#8221;%5B%7B%22value_role%22%3A%22administrator%22%7D%5D&#8221;][vc_column][vc_media_grid style=&#8221;load-more&#8221; items_per_page=&#8221;12&#8243; element_width=&#8221;2&#8243; grid_id=&#8221;vc_gid:1738685710134-0756cf9bdb4012812e9b9a22d37483b9-4&#8243; include=&#8221;897,896,895,898,899,900,901,902,903,904,905,906,907,908,909,910,911,912,913,914&#8243;][\/vc_column][\/vc_row][vc_row][vc_column][\/vc_column][\/vc_row]<\/p>\n<\/div>","protected":false},"excerpt":{"rendered":"<p>[vc_row css=&#8221;.vc_custom_1695390023811{margin-top: -100px !important;}&#8221; conditional_render=&#8221;%5B%7B%22value_role%22%3A%22administrator%22%7D%5D&#8221;][vc_column][\/vc_column][\/vc_row][vc_row full_width=&#8221;stretch_row_content&#8221; css=&#8221;.vc_custom_1698221906718{background-color: #e5e5e5 !important;}&#8221; conditional_render=&#8221;%5B%7B%22value_role%22%3A%22administrator%22%7D%5D&#8221;][vc_column width=&#8221;1\/2&#8243;][vc_custom_heading text=&#8221;Kids Club&#8221; use_theme_fonts=&#8221;yes&#8221; css=&#8221;.vc_custom_1698221925624{margin-top: 30px !important;margin-right: 30px !important;margin-bottom: 30px !important;margin-left: 20px !important;}&#8221;][vc_column_text css=&#8221;.vc_custom_1738686842165{margin-left: 20px !important;}&#8221;] Sandy Beach Resort ofron nj\u00eb mund\u00ebsi fantastike p\u00ebr t\u00eb siguruar arg\u00ebtimin e f\u00ebmij\u00ebve dhe p\u00ebr ta b\u00ebr\u00eb pushimin tuaj familjar nj\u00eb p\u00ebrvoj\u00eb t\u00eb paharrueshme. Animator\u00ebt tan\u00eb profesionist\u00eb ofrojn\u00eb aktivitete [&hellip;]<\/p>\n","protected":false},"author":1,"featured_media":0,"parent":0,"menu_order":0,"comment_status":"closed","ping_status":"closed","template":"","meta":{"footnotes":""},"class_list":["post-1585","page","type-page","status-publish","hentry"],"_links":{"self":[{"href":"https:\/\/sandybeach-resort.com\/sq\/wp-json\/wp\/v2\/pages\/1585","targetHints":{"allow":["GET"]}}],"collection":[{"href":"https:\/\/sandybeach-resort.com\/sq\/wp-json\/wp\/v2\/pages"}],"about":[{"href":"https:\/\/sandybeach-resort.com\/sq\/wp-json\/wp\/v2\/types\/page"}],"author":[{"embeddable":true,"href":"https:\/\/sandybeach-resort.com\/sq\/wp-json\/wp\/v2\/users\/1"}],"replies":[{"embeddable":true,"href":"https:\/\/sandybeach-resort.com\/sq\/wp-json\/wp\/v2\/comments?post=1585"}],"version-history":[{"count":10,"href":"https:\/\/sandybeach-resort.com\/sq\/wp-json\/wp\/v2\/pages\/1585\/revisions"}],"predecessor-version":[{"id":2316,"href":"https:\/\/sandybeach-resort.com\/sq\/wp-json\/wp\/v2\/pages\/1585\/revisions\/2316"}],"wp:attachment":[{"href":"https:\/\/sandybeach-resort.com\/sq\/wp-json\/wp\/v2\/media?parent=1585"}],"curies":[{"name":"wp","href":"https:\/\/api.w.org\/{rel}","templated":true}]}}