{"id":1594,"date":"2023-10-15T15:11:15","date_gmt":"2023-10-15T15:11:15","guid":{"rendered":"https:\/\/sandybeach-resort.com\/?page_id=1594"},"modified":"2025-02-05T09:23:17","modified_gmt":"2025-02-05T09:23:17","slug":"transporti","status":"publish","type":"page","link":"https:\/\/sandybeach-resort.com\/sq\/transporti\/","title":{"rendered":"Transporti"},"content":{"rendered":"<div class=\"wpb-content-wrapper\"><p>[vc_row full_width=&#8221;stretch_row_content_no_spaces&#8221; content_placement=&#8221;top&#8221; conditional_render=&#8221;%5B%7B%22value_role%22%3A%22administrator%22%7D%5D&#8221; css=&#8221;.vc_custom_1695650885563{margin-top: -50px !important;background-image: url(https:\/\/sandybeach-resort.com\/wp-content\/uploads\/2023\/09\/private-hire-1920&#215;960-1.jpg?id=1056) !important;background-position: center !important;background-repeat: no-repeat !important;background-size: cover !important;}&#8221;][vc_column width=&#8221;1\/3&#8243; css=&#8221;.vc_custom_1695289029209{margin-top: 25px !important;margin-bottom: 25px !important;}&#8221; conditional_render=&#8221;%5B%7B%22value_role%22%3A%22administrator%22%7D%5D&#8221;][vc_row_inner][vc_column_inner][vc_column_text css=&#8221;.vc_custom_1738747392399{padding-top: 25px !important;padding-right: 25px !important;padding-bottom: 25px !important;padding-left: 25px !important;background-color: rgba(255,255,255,0.83) !important;*background-color: rgb(255,255,255) !important;border-radius: 15px !important;}&#8221;]<\/p>\n<h4>Mundesi Transporti<\/h4>\n<p>Ne jemi t\u00eb lumtur t\u00eb ofrojm\u00eb transportin midis Aeroportit ton\u00eb Nd\u00ebrkomb\u00ebtar t\u00eb Tiran\u00ebs dhe Sandy Beach Resort.<\/p>\n<h4>Avantazhet e rezervimit t\u00eb transportit tuaj me koleg\u00ebt tan\u00eb:<\/h4>\n<h4>Siguria<\/h4>\n<ul>\n<li>Makina juaj do t\u00eb jet\u00eb k\u00ebtu n\u00eb koh\u00eb<\/li>\n<li>Nuk do keni probleme me pagesen<\/li>\n<li>Ju mund t\u00eb paguani n\u00eb check-out n\u00eb Hotel<\/li>\n<li>Sherbim i Personalizuar<\/li>\n<li>Shoferi do t&#8217;ju pres\u00eb me nj\u00eb shenj\u00eb<\/li>\n<\/ul>\n<h4>Cmimet<\/h4>\n<ul>\n<li>Transporti nga Aeroporti ne Hotel: 55 Euro \/ Makine (max 4 persona)<\/li>\n<li>Transporti nga Aeropori n\u00eb Hotel dhe nga Hoteli n\u00eb Aeroport: 100 Euro \/ Makine (max 4 Persona)<\/li>\n<\/ul>\n<ul class=\"posts_list\">\n<li style=\"list-style-type: none;\">\n<ul class=\"posts_list\">N\u00eb momentin e rezervimit, ju lutemi deklaroni se do t\u00eb rezervoni Transportin\u00a0 nj\u00ebdrejtim\u00ebsh apo bashk\u00eb me kthim.<\/ul>\n<\/li>\n<\/ul>\n<p>[\/vc_column_text][\/vc_column_inner][\/vc_row_inner][\/vc_column][vc_column width=&#8221;1\/3&#8243;][\/vc_column][vc_column width=&#8221;1\/3&#8243;][\/vc_column][\/vc_row][vc_row full_width=&#8221;stretch_row_content_no_spaces&#8221; css=&#8221;.vc_custom_1695563781291{margin-top: 15px !important;}&#8221; conditional_render=&#8221;%5B%7B%22value_role%22%3A%22administrator%22%7D%5D&#8221;][vc_column width=&#8221;1\/4&#8243;][vc_custom_heading text=&#8221;Nga Aeroporti n\u00eb Hotel.&#8221; font_container=&#8221;tag:h2|text_align:center&#8221; use_theme_fonts=&#8221;yes&#8221;][vc_column_text]<\/p>\n<p style=\"text-align: center;\"><iframe loading=\"lazy\" style=\"border: 0;\" src=\"https:\/\/www.google.com\/maps\/embed?pb=!1m28!1m12!1m3!1d95877.30726371742!2d19.52497230011739!3d41.32700677119832!2m3!1f0!2f0!3f0!3m2!1i1024!2i768!4f13.1!4m13!3e6!4m5!1s0x13502d0712c5607f%3A0x5254c1f62d5286db!2sTirana+International+Airport+Mother+Teresa%2C+Airport+Rd+Rinas%2C+1504%2C+Albania!3m2!1d41.4190634!2d19.713999899999997!4m5!1s0x134fdf2abd592b0f%3A0xc1f8c3dbac621cc7!2sSandy+Beach+Resort%2C+Golem%2C+Albania!3m2!1d41.253296999999996!2d19.521577999999998!5e0!3m2!1sen!2s!4v1503054594596\" width=\"400\" height=\"300\" frameborder=\"0\" allowfullscreen=\"allowfullscreen\"><\/iframe><\/p>\n<p>[\/vc_column_text][\/vc_column][vc_column width=&#8221;1\/4&#8243;][vc_custom_heading text=&#8221;Nga Tirana n\u00eb Hotel.&#8221; font_container=&#8221;tag:h2|text_align:center&#8221; use_theme_fonts=&#8221;yes&#8221;][vc_column_text]<\/p>\n<p style=\"text-align: center;\"><iframe loading=\"lazy\" style=\"border: 0;\" src=\"https:\/\/www.google.com\/maps\/embed?pb=!1m28!1m12!1m3!1d191785.70433102164!2d19.507471203998776!3d41.31644163452201!2m3!1f0!2f0!3f0!3m2!1i1024!2i768!4f13.1!4m13!3e6!4m5!1s0x1350310470fac5db%3A0x40092af10653720!2sTirana%2C+Albania!3m2!1d41.3275459!2d19.8186982!4m5!1s0x134fdf2abd592b0f%3A0xc1f8c3dbac621cc7!2sSandy+Beach+Resort%2C+Golem%2C+Albania!3m2!1d41.253296999999996!2d19.521577999999998!5e0!3m2!1sen!2s!4v1503054727056\" width=\"400\" height=\"300\" frameborder=\"0\" allowfullscreen=\"allowfullscreen\"><\/iframe><\/p>\n<p>[\/vc_column_text][\/vc_column][vc_column width=&#8221;1\/4&#8243;][vc_custom_heading text=&#8221;Nga Durresi n\u00eb Hotel.&#8221; font_container=&#8221;tag:h2|text_align:center&#8221; use_theme_fonts=&#8221;yes&#8221;][vc_column_text]<\/p>\n<p style=\"text-align: center;\"><iframe loading=\"lazy\" style=\"border: 0;\" src=\"https:\/\/www.google.com\/maps\/embed?pb=!1m28!1m12!1m3!1d47971.02994306199!2d19.456416188616394!3d41.28298284399136!2m3!1f0!2f0!3f0!3m2!1i1024!2i768!4f13.1!4m13!3e6!4m5!1s0x134fd97c5fbbbcc7%3A0x77f377eae6cd81ee!2sDurres%2C+Albania!3m2!1d41.3245904!2d19.4564686!4m5!1s0x134fdf2abd592b0f%3A0xc1f8c3dbac621cc7!2sSandy+Beach+Resort%2C+Golem%2C+Albania!3m2!1d41.253296999999996!2d19.521577999999998!5e0!3m2!1sen!2s!4v1503054859905\" width=\"400\" height=\"300\" frameborder=\"0\" allowfullscreen=\"allowfullscreen\"><\/iframe><\/p>\n<p>[\/vc_column_text][\/vc_column][vc_column width=&#8221;1\/4&#8243;][vc_custom_heading text=&#8221;Nga Porti i Durresit n\u00eb Hotel.&#8221; font_container=&#8221;tag:h2|text_align:center&#8221; use_theme_fonts=&#8221;yes&#8221;][vc_column_text]<\/p>\n<p style=\"text-align: center;\"><iframe loading=\"lazy\" style=\"border: 0;\" src=\"https:\/\/www.google.com\/maps\/embed?pb=!1m28!1m12!1m3!1d47971.87603777354!2d19.458241888608484!3d41.28183184401918!2m3!1f0!2f0!3f0!3m2!1i1024!2i768!4f13.1!4m13!3e6!4m5!1s0x134fda315da189bd%3A0x107cd7aec2018741!2sDurr%C3%ABs+Port+Authority%2C+Durr%C3%ABs%2C+Albania!3m2!1d41.3149483!2d19.46012!4m5!1s0x134fdf2abd592b0f%3A0xc1f8c3dbac621cc7!2sSandy+Beach+Resort%2C+Golem%2C+Albania!3m2!1d41.253296999999996!2d19.521577999999998!5e0!3m2!1sen!2s!4v1503055022424\" width=\"400\" height=\"300\" frameborder=\"0\" allowfullscreen=\"allowfullscreen\"><\/iframe><\/p>\n<p>[\/vc_column_text][\/vc_column][\/vc_row]<\/p>\n<\/div>","protected":false},"excerpt":{"rendered":"<p>[vc_row full_width=&#8221;stretch_row_content_no_spaces&#8221; content_placement=&#8221;top&#8221; conditional_render=&#8221;%5B%7B%22value_role%22%3A%22administrator%22%7D%5D&#8221; css=&#8221;.vc_custom_1695650885563{margin-top: -50px !important;background-image: url(https:\/\/sandybeach-resort.com\/wp-content\/uploads\/2023\/09\/private-hire-1920&#215;960-1.jpg?id=1056) !important;background-position: center !important;background-repeat: no-repeat !important;background-size: cover !important;}&#8221;][vc_column width=&#8221;1\/3&#8243; css=&#8221;.vc_custom_1695289029209{margin-top: 25px !important;margin-bottom: 25px !important;}&#8221; conditional_render=&#8221;%5B%7B%22value_role%22%3A%22administrator%22%7D%5D&#8221;][vc_row_inner][vc_column_inner][vc_column_text css=&#8221;.vc_custom_1738747392399{padding-top: 25px !important;padding-right: 25px !important;padding-bottom: 25px !important;padding-left: 25px !important;background-color: rgba(255,255,255,0.83) !important;*background-color: rgb(255,255,255) !important;border-radius: 15px !important;}&#8221;] Mundesi Transporti Ne jemi t\u00eb lumtur t\u00eb ofrojm\u00eb transportin midis Aeroportit ton\u00eb Nd\u00ebrkomb\u00ebtar t\u00eb Tiran\u00ebs dhe Sandy Beach [&hellip;]<\/p>\n","protected":false},"author":1,"featured_media":0,"parent":0,"menu_order":0,"comment_status":"closed","ping_status":"closed","template":"","meta":{"footnotes":""},"class_list":["post-1594","page","type-page","status-publish","hentry"],"_links":{"self":[{"href":"https:\/\/sandybeach-resort.com\/sq\/wp-json\/wp\/v2\/pages\/1594","targetHints":{"allow":["GET"]}}],"collection":[{"href":"https:\/\/sandybeach-resort.com\/sq\/wp-json\/wp\/v2\/pages"}],"about":[{"href":"https:\/\/sandybeach-resort.com\/sq\/wp-json\/wp\/v2\/types\/page"}],"author":[{"embeddable":true,"href":"https:\/\/sandybeach-resort.com\/sq\/wp-json\/wp\/v2\/users\/1"}],"replies":[{"embeddable":true,"href":"https:\/\/sandybeach-resort.com\/sq\/wp-json\/wp\/v2\/comments?post=1594"}],"version-history":[{"count":5,"href":"https:\/\/sandybeach-resort.com\/sq\/wp-json\/wp\/v2\/pages\/1594\/revisions"}],"predecessor-version":[{"id":2320,"href":"https:\/\/sandybeach-resort.com\/sq\/wp-json\/wp\/v2\/pages\/1594\/revisions\/2320"}],"wp:attachment":[{"href":"https:\/\/sandybeach-resort.com\/sq\/wp-json\/wp\/v2\/media?parent=1594"}],"curies":[{"name":"wp","href":"https:\/\/api.w.org\/{rel}","templated":true}]}}