{"id":1597,"date":"2023-10-15T15:13:52","date_gmt":"2023-10-15T15:13:52","guid":{"rendered":"https:\/\/sandybeach-resort.com\/?page_id=1597"},"modified":"2024-09-16T09:10:49","modified_gmt":"2024-09-16T09:10:49","slug":"rezervo-tani","status":"publish","type":"page","link":"https:\/\/sandybeach-resort.com\/sq\/rezervo-tani\/","title":{"rendered":"Rezervo Tani"},"content":{"rendered":"<div class=\"wpb-content-wrapper\"><p>[vc_row][vc_column][vc_raw_js]JTNDc2NyaXB0JTIwc3JjJTNEJTI3aHR0cHMlM0ElMkYlMkZza3ktZXUxLmNsb2NrLXNvZnR3YXJlLmNvbSUyRmpzJTJGaWZyYW1lX2ludGVncmF0aW9uLmpzJTI3JTNFJTNDJTJGc2NyaXB0JTNFJTBB[\/vc_raw_js][\/vc_column][\/vc_row][vc_row full_width=&#8221;stretch_row_content_no_spaces&#8221; no_padding=&#8221;yes&#8221; full_height=&#8221;yes&#8221; equal_height=&#8221;yes&#8221; conditional_render=&#8221;%5B%7B%22value_role%22%3A%22administrator%22%7D%5D&#8221; css=&#8221;.vc_custom_1695994749767{margin-top: -50px !important;margin-right: -50px !important;margin-bottom: -75px !important;margin-left: -50px !important;border-top-width: -50px !important;border-right-width: -50px !important;border-bottom-width: -100px !important;border-left-width: -50px !important;padding-top: -50px !important;padding-right: -50px !important;padding-bottom: -100px !important;padding-left: -50px !important;}&#8221;][vc_column][vc_column_text]<script>clock_pms_iframe({ height: '1100px',  width: '100%', seamless: 'seamless', frameborder: '0', src: 'https:\/\/sky-eu1.clock-software.com\/76059\/11544\/wbe\/sq\/products\/new' })<\/script>[\/vc_column_text][\/vc_column][\/vc_row][vc_row full_width=&#8221;stretch_row&#8221; css=&#8221;.vc_custom_1704987744214{margin-bottom: -40px !important;background-color: #353535 !important;}&#8221; conditional_render=&#8221;%5B%7B%22value_role%22%3A%22administrator%22%7D%5D&#8221;][vc_column css=&#8221;.vc_custom_1704987602419{padding-top: 20px !important;}&#8221; conditional_render=&#8221;%5B%7B%22value_role%22%3A%22administrator%22%7D%5D&#8221;]<a class=\"porto-sicon-box-link\" href=\"https:\/\/www.amaratravel.al\/\" target='_blank'><div class=\"porto-sicon-box  vc_custom_1704988439191  wpb_custom_aeeca448663a0ebfcff24e74a3e7f0db style_1 default-icon\"><div class=\"porto-sicon-default\"><div id=\"porto-icon-3959231796a09dbff31361\" class=\"porto-just-icon-wrapper porto-sicon-img\" style=\"font-size: 80px;\"><img loading=\"lazy\" decoding=\"async\" class=\"img-icon\" alt=\"\" src=\"https:\/\/sandybeach-resort.com\/wp-content\/uploads\/2024\/01\/amara-travel.png\" width=\"97\" height=\"36\" \/><\/div><\/div><div class=\"porto-sicon-header\"><p style=\"color:#bfbfbf;\">Nuk e gjet\u00ebt dot sh\u00ebrbimin po k\u00ebrkonit? Provoni profesionist\u00ebt p\u00ebr oferta n\u00eb t\u00eb gjith\u00eb Shqip\u00ebrin\u00eb me \u00e7mimet m\u00eb t\u00eb mira duke klikuar k\u00ebtu.<\/p><\/div> <!-- header --><\/div><!-- porto-sicon-box --><\/a>[\/vc_column][\/vc_row]<\/p>\n<\/div>","protected":false},"excerpt":{"rendered":"<p>[vc_row][vc_column][vc_raw_js]JTNDc2NyaXB0JTIwc3JjJTNEJTI3aHR0cHMlM0ElMkYlMkZza3ktZXUxLmNsb2NrLXNvZnR3YXJlLmNvbSUyRmpzJTJGaWZyYW1lX2ludGVncmF0aW9uLmpzJTI3JTNFJTNDJTJGc2NyaXB0JTNFJTBB[\/vc_raw_js][\/vc_column][\/vc_row][vc_row full_width=&#8221;stretch_row_content_no_spaces&#8221; no_padding=&#8221;yes&#8221; full_height=&#8221;yes&#8221; equal_height=&#8221;yes&#8221; conditional_render=&#8221;%5B%7B%22value_role%22%3A%22administrator%22%7D%5D&#8221; css=&#8221;.vc_custom_1695994749767{margin-top: -50px !important;margin-right: -50px !important;margin-bottom: -75px !important;margin-left: -50px !important;border-top-width: -50px !important;border-right-width: -50px !important;border-bottom-width: -100px !important;border-left-width: -50px !important;padding-top: -50px !important;padding-right: -50px !important;padding-bottom: -100px !important;padding-left: -50px !important;}&#8221;][vc_column][vc_column_text][\/vc_column_text][\/vc_column][\/vc_row][vc_row full_width=&#8221;stretch_row&#8221; css=&#8221;.vc_custom_1704987744214{margin-bottom: -40px !important;background-color: #353535 !important;}&#8221; conditional_render=&#8221;%5B%7B%22value_role%22%3A%22administrator%22%7D%5D&#8221;][vc_column css=&#8221;.vc_custom_1704987602419{padding-top: 20px !important;}&#8221; conditional_render=&#8221;%5B%7B%22value_role%22%3A%22administrator%22%7D%5D&#8221;][\/vc_column][\/vc_row]<\/p>\n","protected":false},"author":1,"featured_media":0,"parent":0,"menu_order":0,"comment_status":"closed","ping_status":"closed","template":"","meta":{"footnotes":""},"class_list":["post-1597","page","type-page","status-publish","hentry"],"_links":{"self":[{"href":"https:\/\/sandybeach-resort.com\/sq\/wp-json\/wp\/v2\/pages\/1597","targetHints":{"allow":["GET"]}}],"collection":[{"href":"https:\/\/sandybeach-resort.com\/sq\/wp-json\/wp\/v2\/pages"}],"about":[{"href":"https:\/\/sandybeach-resort.com\/sq\/wp-json\/wp\/v2\/types\/page"}],"author":[{"embeddable":true,"href":"https:\/\/sandybeach-resort.com\/sq\/wp-json\/wp\/v2\/users\/1"}],"replies":[{"embeddable":true,"href":"https:\/\/sandybeach-resort.com\/sq\/wp-json\/wp\/v2\/comments?post=1597"}],"version-history":[{"count":8,"href":"https:\/\/sandybeach-resort.com\/sq\/wp-json\/wp\/v2\/pages\/1597\/revisions"}],"predecessor-version":[{"id":1898,"href":"https:\/\/sandybeach-resort.com\/sq\/wp-json\/wp\/v2\/pages\/1597\/revisions\/1898"}],"wp:attachment":[{"href":"https:\/\/sandybeach-resort.com\/sq\/wp-json\/wp\/v2\/media?parent=1597"}],"curies":[{"name":"wp","href":"https:\/\/api.w.org\/{rel}","templated":true}]}}