{"id":1614,"date":"2023-10-16T13:50:27","date_gmt":"2023-10-16T13:50:27","guid":{"rendered":"https:\/\/sandybeach-resort.com\/?page_id=1614"},"modified":"2026-03-18T16:34:41","modified_gmt":"2026-03-18T16:34:41","slug":"dhoma-suite-sea-view","status":"publish","type":"page","link":"https:\/\/sandybeach-resort.com\/sq\/dhoma-suite-sea-view\/","title":{"rendered":"Dhoma Suite Sea View"},"content":{"rendered":"<div class=\"wpb-content-wrapper\"><p>[vc_row][vc_column][vc_custom_heading text=&#8221;DHOMA SUITE SEA SIDE&#8221; use_theme_fonts=&#8221;yes&#8221; css=&#8221;.vc_custom_1773851675619{margin-top: 20px !important;}&#8221;]<div class=\"porto-sicon-box  wpb_custom_1efe903570d178ff0a9b7bfa5febd3a4 style_1 default-icon\"><div class=\"porto-sicon-default\"><div class=\"porto-just-icon-wrapper porto-icon none\" style=\"font-size:20px;\"><i class=\"fas fa-draw-polygon\"><\/i><\/div><\/div><div class=\"porto-sicon-header\"><h3 class=\"porto-sicon-title\" style=\"\">6 Dhoma | 35 \u2013 42 m\u00b2<\/h3><\/div> <!-- header --><\/div><!-- porto-sicon-box -->[\/vc_column][\/vc_row][vc_row][vc_column][vc_column_text]Flini nj\u00eb gjum\u00eb t\u00eb mir\u00eb gjat\u00eb nat\u00ebs n\u00eb shtratin me p\u00ebrmasa \u201cKing Size Bed\u201d. Uluni jasht\u00eb n\u00eb ballkonin ose tarrac\u00ebn tuaj dhe thithni ajrin e past\u00ebr t\u00eb detit. Vendosni temperatur\u00ebn ideale p\u00ebr relaksim. Q\u00ebndroni t\u00eb lidhur me WiFi falas. Me dritare t\u00eb gjera q\u00eb kornizojn\u00eb natyr\u00ebn e hapur, ndihuni n\u00eb arratisjen tuaj nga pushimet. Suitat ofrojn\u00eb t\u00eb gjitha komoditetet moderne p\u00ebr nj\u00eb q\u00ebndrim relaksues duke p\u00ebrfshir\u00eb lidhjen me internet Wi-Fi, TV me ekran t\u00eb shesht\u00eb satelitor, kanale radio, telefon , frigorifer, aj\u00ebr t\u00eb kondicionuar, kasafort\u00eb private si dhe pajisje p\u00ebr p\u00ebrgatitjen e kafes\u00eb dhe \u00e7ajit.<\/p>\n<p>Me nje siperfaqe prej 35 \u2013 42 metra katrore dhomat jane te kompletuara me krevate dopio, nje tualet me peshqir, tharese flokesh, kabine dushi, pasqyre, shampo dhe xhel dushi, sapun, kapuc dushi dhe te gjitha dhomat kane ballkon me tavoline dhe karrige.<\/p>\n<p><strong>Banimi: 2 t\u00eb rritur dhe 2 f\u00ebmij\u00eb ose 3 t\u00eb rritur + 1 f\u00ebmij\u00eb<\/strong>[\/vc_column_text]<div class=\"porto-btn-ctn-left \"><a class=\"porto-btn porto-adjust-bottom-margin porto-btn-normal porto-btn-fade-bg   wpb_custom_fa51088c2567b780100c1edcf8821d3b  porto-btn-left \" title='Book Now' rel='' href = \"https:\/\/sandybeach-resort.com\/sq\/rezervo-tani\/\"  data-hover=\"#ffffff\" data-border-color=\"\" data-bg=\"#dd9f42\" data-hover-bg=\"#dd9527\" data-border-hover=\"\" data-shadow-click=\"none\" data-shadow=\"\" style=\"border:none;background: #dd9f42;color: #000000;\"><span class=\"porto-btn-hover\" style=\"background-color:#dd9527\"><\/span><span class=\"porto-btn-data porto-btn-text \" >Rezervo Tani<\/span><\/a><\/div>[\/vc_column][\/vc_row][vc_row][vc_column][vc_custom_heading text=&#8221;Fasilitetet e Dhom\u00ebs&#8221; use_theme_fonts=&#8221;yes&#8221;][\/vc_column][\/vc_row][vc_row conditional_render=&#8221;%5B%7B%22value_role%22%3A%22administrator%22%7D%5D&#8221;][vc_column width=&#8221;1\/6&#8243;]<div class=\"porto-sicon-box  wpb_custom_1efe903570d178ff0a9b7bfa5febd3a4 style_1 default-icon\"><div class=\"porto-sicon-default\"><div id=\"porto-icon-2146468169e197a786e21\" class=\"porto-just-icon-wrapper porto-sicon-img\" style=\"font-size: 20px;\"><img loading=\"lazy\" decoding=\"async\" class=\"img-icon\" alt=\"\" src=\"https:\/\/sandybeach-resort.com\/wp-content\/uploads\/2023\/09\/28893614-6dc8bbe4-77d2-11e7-8089-03159b85ba08.png\" width=\"512\" height=\"512\" \/><\/div><\/div><div class=\"porto-sicon-header\"><h3 class=\"porto-sicon-title\" style=\"\">Ballkon<\/h3><\/div> <!-- header --><\/div><!-- porto-sicon-box -->[\/vc_column][vc_column width=&#8221;1\/6&#8243;]<div class=\"porto-sicon-box  wpb_custom_1bdeba2ccd30487d5d4d318475bdd62b style_2 default-icon\"><div class=\"porto-sicon-default\"><div class=\"porto-just-icon-wrapper porto-icon none\" style=\"font-size:20px;\"><i class=\"far fa-snowflake\"><\/i><\/div><\/div><div class=\"porto-sicon-header\"><h3 class=\"porto-sicon-title\" style=\"\">Kondicioner Q\u00ebndror<\/h3><\/div> <!-- header --><\/div><!-- porto-sicon-box -->[\/vc_column][vc_column width=&#8221;1\/6&#8243;]<div class=\"porto-sicon-box  wpb_custom_1efe903570d178ff0a9b7bfa5febd3a4 style_1 default-icon\"><div class=\"porto-sicon-default\"><div class=\"porto-just-icon-wrapper porto-icon none\" style=\"font-size:20px;\"><i class=\"fas fa-smoking-ban\"><\/i><\/div><\/div><div class=\"porto-sicon-header\"><h3 class=\"porto-sicon-title\" style=\"\">Ndalohet Duhani<\/h3><\/div> <!-- header --><\/div><!-- porto-sicon-box -->[\/vc_column][vc_column width=&#8221;1\/6&#8243;]<div class=\"porto-sicon-box  wpb_custom_1efe903570d178ff0a9b7bfa5febd3a4 style_1 default-icon\"><div class=\"porto-sicon-default\"><div id=\"porto-icon-104471943869e197a78734e\" class=\"porto-just-icon-wrapper porto-sicon-img\" style=\"font-size: 20px;\"><img loading=\"lazy\" decoding=\"async\" class=\"img-icon\" alt=\"\" src=\"https:\/\/sandybeach-resort.com\/wp-content\/uploads\/2023\/09\/hearing.png\" width=\"512\" height=\"512\" \/><\/div><\/div><div class=\"porto-sicon-header\"><h3 class=\"porto-sicon-title\" style=\"\">Dhoma Akustike<\/h3><\/div> <!-- header --><\/div><!-- porto-sicon-box -->[\/vc_column][vc_column width=&#8221;1\/6&#8243;]<div class=\"porto-sicon-box  wpb_custom_1efe903570d178ff0a9b7bfa5febd3a4 style_1 default-icon\"><div class=\"porto-sicon-default\"><div class=\"porto-just-icon-wrapper porto-icon none\" style=\"font-size:20px;\"><i class=\"fas fa-wifi\"><\/i><\/div><\/div><div class=\"porto-sicon-header\"><h3 class=\"porto-sicon-title\" style=\"\">Wi-Fi<\/h3><\/div> <!-- header --><\/div><!-- porto-sicon-box -->[\/vc_column][vc_column width=&#8221;1\/6&#8243;]<div class=\"porto-sicon-box  wpb_custom_1efe903570d178ff0a9b7bfa5febd3a4 style_1 default-icon\"><div class=\"porto-sicon-default\"><div id=\"porto-icon-142081590869e197a78782d\" class=\"porto-just-icon-wrapper porto-sicon-img\" style=\"font-size: 20px;\"><img loading=\"lazy\" decoding=\"async\" class=\"img-icon\" alt=\"\" src=\"https:\/\/sandybeach-resort.com\/wp-content\/uploads\/2023\/09\/parquet.png\" width=\"512\" height=\"512\" \/><\/div><\/div><div class=\"porto-sicon-header\"><h3 class=\"porto-sicon-title\" style=\"\">Desheme Parketi<\/h3><\/div> <!-- header --><\/div><!-- porto-sicon-box -->[\/vc_column][\/vc_row][vc_row conditional_render=&#8221;%5B%7B%22value_role%22%3A%22administrator%22%7D%5D&#8221;][vc_column width=&#8221;1\/6&#8243;]<div class=\"porto-sicon-box  wpb_custom_1efe903570d178ff0a9b7bfa5febd3a4 style_1 default-icon\"><div class=\"porto-sicon-default\"><div class=\"porto-just-icon-wrapper porto-icon none\" style=\"color:#595959;font-size:20px;\"><i class=\"fas fa-phone\"><\/i><\/div><\/div><div class=\"porto-sicon-header\"><h3 class=\"porto-sicon-title\" style=\"\">Telefon<\/h3><\/div> <!-- header --><\/div><!-- porto-sicon-box -->[\/vc_column][vc_column width=&#8221;1\/6&#8243;]<div class=\"porto-sicon-box  wpb_custom_1efe903570d178ff0a9b7bfa5febd3a4 style_1 default-icon\"><div class=\"porto-sicon-default\"><div id=\"porto-icon-212385064169e197a787d1a\" class=\"porto-just-icon-wrapper porto-sicon-img\" style=\"font-size: 20px;\"><img loading=\"lazy\" decoding=\"async\" class=\"img-icon\" alt=\"\" src=\"https:\/\/sandybeach-resort.com\/wp-content\/uploads\/2023\/09\/dining.png\" width=\"512\" height=\"512\" \/><\/div><\/div><div class=\"porto-sicon-header\"><h3 class=\"porto-sicon-title\" style=\"\">Karrige<\/h3><\/div> <!-- header --><\/div><!-- porto-sicon-box -->[\/vc_column][vc_column width=&#8221;1\/6&#8243;]<div class=\"porto-sicon-box  wpb_custom_1efe903570d178ff0a9b7bfa5febd3a4 style_1 default-icon\"><div class=\"porto-sicon-default\"><div id=\"porto-icon-188637477769e197a787fd4\" class=\"porto-just-icon-wrapper porto-sicon-img\" style=\"font-size: 20px;\"><img loading=\"lazy\" decoding=\"async\" class=\"img-icon\" alt=\"\" src=\"https:\/\/sandybeach-resort.com\/wp-content\/uploads\/2023\/09\/safety-box.png\" width=\"512\" height=\"512\" \/><\/div><\/div><div class=\"porto-sicon-header\"><h3 class=\"porto-sicon-title\" style=\"\">Kasafort\u00eb<\/h3><\/div> <!-- header --><\/div><!-- porto-sicon-box -->[\/vc_column][vc_column width=&#8221;1\/6&#8243;]<div class=\"porto-sicon-box  wpb_custom_1efe903570d178ff0a9b7bfa5febd3a4 style_1 default-icon\"><div class=\"porto-sicon-default\"><div id=\"porto-icon-94161118269e197a788276\" class=\"porto-just-icon-wrapper porto-sicon-img\" style=\"font-size: 20px;\"><img loading=\"lazy\" decoding=\"async\" class=\"img-icon\" alt=\"\" src=\"https:\/\/sandybeach-resort.com\/wp-content\/uploads\/2023\/09\/slippers.png\" width=\"512\" height=\"512\" \/><\/div><\/div><div class=\"porto-sicon-header\"><h3 class=\"porto-sicon-title\" style=\"\">Pantofla<\/h3><\/div> <!-- header --><\/div><!-- porto-sicon-box -->[\/vc_column][vc_column width=&#8221;1\/6&#8243;]<div class=\"porto-sicon-box  wpb_custom_1efe903570d178ff0a9b7bfa5febd3a4 style_1 default-icon\"><div class=\"porto-sicon-default\"><div id=\"porto-icon-45764637969e197a78861c\" class=\"porto-just-icon-wrapper porto-sicon-img\" style=\"font-size: 20px;\"><img loading=\"lazy\" decoding=\"async\" class=\"img-icon\" alt=\"\" src=\"https:\/\/sandybeach-resort.com\/wp-content\/uploads\/2023\/09\/toiletries.png\" width=\"512\" height=\"512\" \/><\/div><\/div><div class=\"porto-sicon-header\"><h3 class=\"porto-sicon-title\" style=\"\">Paisje Tualeti<\/h3><\/div> <!-- header --><\/div><!-- porto-sicon-box -->[\/vc_column][vc_column width=&#8221;1\/6&#8243;]<div class=\"porto-sicon-box  wpb_custom_a37b0e1090d09820da03bf4fbfa4db6d style_1 default-icon\"><div class=\"porto-sicon-default\"><div id=\"porto-icon-86451927569e197a7888dc\" class=\"porto-just-icon-wrapper porto-sicon-img\" style=\"font-size: 20px;\"><img loading=\"lazy\" decoding=\"async\" class=\"img-icon\" alt=\"\" src=\"https:\/\/sandybeach-resort.com\/wp-content\/uploads\/2023\/09\/glass.png\" width=\"512\" height=\"512\" \/><\/div><\/div><div class=\"porto-sicon-header\"><h3 class=\"porto-sicon-title\" style=\"\">Got\u00eb e Sterilizuar<\/h3><\/div> <!-- header --><\/div><!-- porto-sicon-box -->[\/vc_column][\/vc_row][vc_row conditional_render=&#8221;%5B%7B%22value_role%22%3A%22administrator%22%7D%5D&#8221;][vc_column width=&#8221;1\/6&#8243;]<div class=\"porto-sicon-box  wpb_custom_1efe903570d178ff0a9b7bfa5febd3a4 style_1 default-icon\"><div class=\"porto-sicon-default\"><div id=\"porto-icon-211043724169e197a788bae\" class=\"porto-just-icon-wrapper porto-sicon-img\" style=\"font-size: 20px;\"><img loading=\"lazy\" decoding=\"async\" class=\"img-icon\" alt=\"\" src=\"https:\/\/sandybeach-resort.com\/wp-content\/uploads\/2023\/09\/kettle.png\" width=\"512\" height=\"512\" \/><\/div><\/div><div class=\"porto-sicon-header\"><h3 class=\"porto-sicon-title\" style=\"\">\u00c7ajnik<\/h3><\/div> <!-- header --><\/div><!-- porto-sicon-box -->[\/vc_column][vc_column width=&#8221;1\/6&#8243;]<div class=\"porto-sicon-box  wpb_custom_1efe903570d178ff0a9b7bfa5febd3a4 style_1 default-icon\"><div class=\"porto-sicon-default\"><div id=\"porto-icon-84412634669e197a788e78\" class=\"porto-just-icon-wrapper porto-sicon-img\" style=\"font-size: 20px;\"><img loading=\"lazy\" decoding=\"async\" class=\"img-icon\" alt=\"\" src=\"https:\/\/sandybeach-resort.com\/wp-content\/uploads\/2023\/09\/carpet.png\" width=\"512\" height=\"512\" \/><\/div><\/div><div class=\"porto-sicon-header\"><h3 class=\"porto-sicon-title\" style=\"\">Tapet<\/h3><\/div> <!-- header --><\/div><!-- porto-sicon-box -->[\/vc_column][vc_column width=&#8221;1\/6&#8243;]<div class=\"porto-sicon-box  wpb_custom_6121a2c574b813876fc7e1fcb981517f style_1 default-icon\"><div class=\"porto-sicon-default\"><div id=\"porto-icon-73640723069e197a789125\" class=\"porto-just-icon-wrapper porto-sicon-img\" style=\"font-size: 20px;\"><img loading=\"lazy\" decoding=\"async\" class=\"img-icon\" alt=\"\" src=\"https:\/\/sandybeach-resort.com\/wp-content\/uploads\/2023\/09\/minibar.png\" width=\"512\" height=\"512\" \/><\/div><\/div><div class=\"porto-sicon-header\"><h3 class=\"porto-sicon-title\" style=\"\">Frigorifer \/ Minibar<\/h3><\/div> <!-- header --><\/div><!-- porto-sicon-box -->[\/vc_column][vc_column width=&#8221;1\/6&#8243;]<div class=\"porto-sicon-box  wpb_custom_1efe903570d178ff0a9b7bfa5febd3a4 style_1 default-icon\"><div class=\"porto-sicon-default\"><div id=\"porto-icon-57000628269e197a797eec\" class=\"porto-just-icon-wrapper porto-sicon-img\" style=\"font-size: 20px;\"><img loading=\"lazy\" decoding=\"async\" class=\"img-icon\" alt=\"\" src=\"https:\/\/sandybeach-resort.com\/wp-content\/uploads\/2023\/09\/plug.png\" width=\"512\" height=\"512\" \/><\/div><\/div><div class=\"porto-sicon-header\"><h3 class=\"porto-sicon-title\" style=\"\">220 - 240 Volts<\/h3><\/div> <!-- header --><\/div><!-- porto-sicon-box -->[\/vc_column][vc_column width=&#8221;1\/6&#8243;]<div class=\"porto-sicon-box  wpb_custom_6121a2c574b813876fc7e1fcb981517f style_1 default-icon\"><div class=\"porto-sicon-default\"><div id=\"porto-icon-89813590969e197a79825d\" class=\"porto-just-icon-wrapper porto-sicon-img\" style=\"font-size: 20px;\"><img loading=\"lazy\" decoding=\"async\" class=\"img-icon\" alt=\"\" src=\"https:\/\/sandybeach-resort.com\/wp-content\/uploads\/2023\/09\/alarm-clock.png\" width=\"512\" height=\"512\" \/><\/div><\/div><div class=\"porto-sicon-header\"><h3 class=\"porto-sicon-title\" style=\"\">Zgjim \"Me K\u00ebrkes\u00eb\"<\/h3><\/div> <!-- header --><\/div><!-- porto-sicon-box -->[\/vc_column][vc_column width=&#8221;1\/6&#8243;]<div class=\"porto-sicon-box  wpb_custom_1efe903570d178ff0a9b7bfa5febd3a4 style_1 default-icon\"><div class=\"porto-sicon-default\"><div id=\"porto-icon-209935947669e197a79853a\" class=\"porto-just-icon-wrapper porto-sicon-img\" style=\"font-size: 20px;\"><img loading=\"lazy\" decoding=\"async\" class=\"img-icon\" alt=\"\" src=\"https:\/\/sandybeach-resort.com\/wp-content\/uploads\/2023\/09\/armchair.png\" width=\"512\" height=\"512\" \/><\/div><\/div><div class=\"porto-sicon-header\"><h3 class=\"porto-sicon-title\" style=\"\">Divan<\/h3><\/div> <!-- header --><\/div><!-- porto-sicon-box -->[\/vc_column][\/vc_row][vc_row conditional_render=&#8221;%5B%7B%22value_role%22%3A%22administrator%22%7D%5D&#8221;][vc_column width=&#8221;1\/6&#8243;]<div class=\"porto-sicon-box  wpb_custom_1efe903570d178ff0a9b7bfa5febd3a4 style_1 default-icon\"><div class=\"porto-sicon-default\"><div id=\"porto-icon-16068798069e197a7987ed\" class=\"porto-just-icon-wrapper porto-sicon-img\" style=\"font-size: 20px;\"><img loading=\"lazy\" decoding=\"async\" class=\"img-icon\" alt=\"\" src=\"https:\/\/sandybeach-resort.com\/wp-content\/uploads\/2023\/09\/floor-lamp.png\" width=\"512\" height=\"512\" \/><\/div><\/div><div class=\"porto-sicon-header\"><h3 class=\"porto-sicon-title\" style=\"\">Abazhur<\/h3><\/div> <!-- header --><\/div><!-- porto-sicon-box -->[\/vc_column][vc_column width=&#8221;1\/6&#8243;]<div class=\"porto-sicon-box  wpb_custom_1efe903570d178ff0a9b7bfa5febd3a4 style_1 default-icon\"><div class=\"porto-sicon-default\"><div id=\"porto-icon-115595319569e197a798aa2\" class=\"porto-just-icon-wrapper porto-sicon-img\" style=\"font-size: 20px;\"><img loading=\"lazy\" decoding=\"async\" class=\"img-icon\" alt=\"\" src=\"https:\/\/sandybeach-resort.com\/wp-content\/uploads\/2023\/09\/wardrobe.png\" width=\"512\" height=\"512\" \/><\/div><\/div><div class=\"porto-sicon-header\"><h3 class=\"porto-sicon-title\" style=\"\">Garderob\u00eb \/ Dollap<\/h3><\/div> <!-- header --><\/div><!-- porto-sicon-box -->[\/vc_column][vc_column width=&#8221;1\/6&#8243;]<div class=\"porto-sicon-box  wpb_custom_1efe903570d178ff0a9b7bfa5febd3a4 style_1 default-icon\"><div class=\"porto-sicon-default\"><div class=\"porto-just-icon-wrapper porto-icon none\" style=\"color:#595959;font-size:20px;\"><i class=\"fas fa-tv\"><\/i><\/div><\/div><div class=\"porto-sicon-header\"><h3 class=\"porto-sicon-title\" style=\"\">TV<\/h3><\/div> <!-- header --><\/div><!-- porto-sicon-box -->[\/vc_column][vc_column width=&#8221;1\/6&#8243;]<div class=\"porto-sicon-box  wpb_custom_1efe903570d178ff0a9b7bfa5febd3a4 style_1 default-icon\"><div class=\"porto-sicon-default\"><div id=\"porto-icon-33898205169e197a798e6c\" class=\"porto-just-icon-wrapper porto-sicon-img\" style=\"font-size: 20px;\"><img loading=\"lazy\" decoding=\"async\" class=\"img-icon\" alt=\"\" src=\"https:\/\/sandybeach-resort.com\/wp-content\/uploads\/2023\/09\/dressing-table.png\" width=\"512\" height=\"512\" \/><\/div><\/div><div class=\"porto-sicon-header\"><h3 class=\"porto-sicon-title\" style=\"\">Pasqyr\u00eb Muri<\/h3><\/div> <!-- header --><\/div><!-- porto-sicon-box -->[\/vc_column][vc_column width=&#8221;1\/6&#8243;]<div class=\"porto-sicon-box  wpb_custom_1efe903570d178ff0a9b7bfa5febd3a4 style_1 default-icon\"><div class=\"porto-sicon-default\"><div id=\"porto-icon-97739849369e197a7992e5\" class=\"porto-just-icon-wrapper porto-sicon-img\" style=\"font-size: 20px;\"><img loading=\"lazy\" decoding=\"async\" class=\"img-icon\" alt=\"\" src=\"https:\/\/sandybeach-resort.com\/wp-content\/uploads\/2023\/09\/protection.png\" width=\"512\" height=\"512\" \/><\/div><\/div><div class=\"porto-sicon-header\"><h3 class=\"porto-sicon-title\" style=\"\">SOS Sistem Kujdesi<\/h3><\/div> <!-- header --><\/div><!-- porto-sicon-box -->[\/vc_column][vc_column width=&#8221;1\/6&#8243;]<div class=\"porto-sicon-box  wpb_custom_1efe903570d178ff0a9b7bfa5febd3a4 style_1 default-icon\"><div class=\"porto-sicon-default\"><div id=\"porto-icon-134127126669e197a7995e2\" class=\"porto-just-icon-wrapper porto-sicon-img\" style=\"font-size: 20px;\"><img loading=\"lazy\" decoding=\"async\" class=\"img-icon\" alt=\"\" src=\"https:\/\/sandybeach-resort.com\/wp-content\/uploads\/2023\/09\/hairdryer.png\" width=\"512\" height=\"512\" \/><\/div><\/div><div class=\"porto-sicon-header\"><h3 class=\"porto-sicon-title\" style=\"\">Thar\u00ebse Flok\u00ebsh<\/h3><\/div> <!-- header --><\/div><!-- porto-sicon-box -->[\/vc_column][\/vc_row][vc_row conditional_render=&#8221;%5B%7B%22value_role%22%3A%22administrator%22%7D%5D&#8221;][vc_column width=&#8221;1\/6&#8243;]<div class=\"porto-sicon-box  wpb_custom_c852c9afb8bb012090055db4b3cee93b style_1 default-icon\"><div class=\"porto-sicon-default\"><div id=\"porto-icon-33058911069e197a799c5a\" class=\"porto-just-icon-wrapper porto-sicon-img\" style=\"font-size: 20px;\"><img loading=\"lazy\" decoding=\"async\" class=\"img-icon\" alt=\"\" src=\"https:\/\/sandybeach-resort.com\/wp-content\/uploads\/2023\/12\/ironing.png\" width=\"512\" height=\"512\" \/><\/div><\/div><div class=\"porto-sicon-header\"><h3 class=\"porto-sicon-title\" style=\"\">Hekur p\u00ebr Hekurosje<\/h3><\/div> <!-- header --><\/div><!-- porto-sicon-box -->[\/vc_column][vc_column width=&#8221;1\/6&#8243;]<div class=\"porto-sicon-box  wpb_custom_a37b0e1090d09820da03bf4fbfa4db6d style_1 default-icon\"><div class=\"porto-sicon-default\"><div class=\"porto-just-icon-wrapper porto-icon none\" style=\"color:#474747;font-size:20px;\"><i class=\"fas fa-satellite-dish\"><\/i><\/div><\/div><div class=\"porto-sicon-header\"><h3 class=\"porto-sicon-title\" style=\"\">Kanale Kabllore &amp; Satelitore<\/h3><\/div> <!-- header --><\/div><!-- porto-sicon-box -->[\/vc_column][vc_column width=&#8221;1\/6&#8243;]<div class=\"porto-sicon-box  wpb_custom_a37b0e1090d09820da03bf4fbfa4db6d style_1 default-icon\"><div class=\"porto-sicon-default\"><div id=\"porto-icon-40289188569e197a799ff8\" class=\"porto-just-icon-wrapper porto-sicon-img\" style=\"font-size: 20px;\"><img loading=\"lazy\" decoding=\"async\" class=\"img-icon\" alt=\"\" src=\"https:\/\/sandybeach-resort.com\/wp-content\/uploads\/2023\/09\/dining-table.png\" width=\"512\" height=\"512\" \/><\/div><\/div><div class=\"porto-sicon-header\"><h3 class=\"porto-sicon-title\" style=\"\">Karrige dhe Tavolin\u00eb n\u00eb Ballkon<\/h3><\/div> <!-- header --><\/div><!-- porto-sicon-box -->[\/vc_column][vc_column width=&#8221;1\/6&#8243;][\/vc_column][vc_column width=&#8221;1\/6&#8243;][\/vc_column][vc_column width=&#8221;1\/6&#8243;][\/vc_column][\/vc_row][vc_row][vc_column]<div class=\"porto-toggles wpb_content_element  toggle-primary\" data-view=\"one-toggle\">[vc_toggle title=&#8221;Si mund t\u00eb Rezervoj ?&#8221;]P\u00ebr t\u00eb b\u00ebr\u00eb nj\u00eb rezervim klikoni n\u00eb butonin &#8220;Rezervo Tani&#8221; q\u00eb ndodhet n\u00eb menun\u00eb kryesore ose mund t\u00eb <a href=\"https:\/\/sandybeach-resort.com\/sq\/rezervo-tani\/\">KLIKONI KETU <\/a>.<br \/>\nPasi t\u00eb klikoni n\u00eb butonin e rezervimit, do t\u00eb d\u00ebrgoheni n\u00eb nj\u00eb faqe ku do t\u00eb duhet t\u00eb plot\u00ebsoni disa etiketa si datat e q\u00ebndrimit n\u00eb hotel dhe sa persona jeni, m\u00eb pas do t\u00eb hapet nj\u00eb faqe tjet\u00ebr ku do t\u00eb shfaqen dhomat e disponueshme n\u00eb dat\u00ebn q\u00eb k\u00ebrkoni, pasi t\u00eb zgjidhni dhom\u00ebn do t&#8217;ju k\u00ebrkohet t\u00eb b\u00ebni nj\u00eb parapagim prej 30% t\u00eb vler\u00ebs totale t\u00eb dhom\u00ebs p\u00ebr t\u00eb siguruar rezervimin tuaj.[\/vc_toggle][vc_toggle title=&#8221;\u00c7far\u00eb p\u00ebrfshihet n\u00eb \u00e7mim ?&#8221;]Paketa Half Board:<br \/>\nM\u00ebngjesi: Ushqimi n\u00eb bufe t\u00eb hapur, kafe amerikane, shum\u00eb lloje \u00e7ajrash, qum\u00ebsht i nxeht\u00eb\/ftoht\u00eb, kapu\u00e7ino, l\u00ebngje frutash dhe uj\u00eb jan\u00eb t\u00eb p\u00ebrfshira ne paket\u00eb.<br \/>\nDarka: Ushqimi n\u00eb bufe t\u00eb hapur dhe uji jan\u00eb t\u00eb p\u00ebrfshira n\u00eb \u00e7mim. t\u00eb gjitha pijet e tjera jan\u00eb me pages\u00eb shtes\u00eb. N\u00eb dhom\u00eb ka kafe dhe \u00e7aj falas.<\/p>\n<p>Paketa Full Board:<br \/>\nM\u00ebngjesi: Ushqimi n\u00eb bufe t\u00eb hapur, kafe amerikane, shum\u00eb lloje \u00e7ajrash, qum\u00ebsht i nxeht\u00eb\/ftoht\u00eb, kapu\u00e7ino, l\u00ebngje frutash dhe uj\u00eb jan\u00eb t\u00eb p\u00ebrfshira n\u00eb paket\u00eb.<br \/>\nDarka dhe dreka: Ushqimi n\u00eb bufe t\u00eb hapur dhe uji jan\u00eb t\u00eb p\u00ebrfshira n\u00eb \u00e7mim. T\u00eb gjitha pijet e tjera jan\u00eb me pages\u00eb shtes\u00eb. N\u00eb dhom\u00eb ka kafe dhe \u00e7aj falas.<\/p>\n<p>Paketa All Inclusive :<br \/>\nM\u00ebngjesi: Ushqimi n\u00eb bufe t\u00eb hapur, kafe amerikane, shum\u00eb lloje \u00e7ajrash, qum\u00ebsht i nxeht\u00eb\/ftoht\u00eb, kapu\u00e7ino, l\u00ebngje frutash dhe uj\u00eb jan\u00eb t\u00eb p\u00ebrfshira ne paket\u00eb.<br \/>\nDarka dhe dreka: Ushqimi n\u00eb bufe t\u00eb hapur, uj\u00eb, pije alkoolike-freskuese-kafe t\u00eb filtruar-kapucino-uj\u00eb jan\u00eb vet\u00ebsh\u00ebrbim n\u00eb restorant.<br \/>\nVakt i pasdites : Pasditja sh\u00ebrbehet me bufe t\u00eb hapur n\u00eb restorantin kryesor.<br \/>\nPije: Pool Bar 10:00-22:00. Beach Bar 11:00-18:00<br \/>\nN\u00eb dhom\u00eb ka kafe dhe \u00e7aj falas.[\/vc_toggle][vc_toggle title=&#8221;\u00c7far\u00eb \u00ebsht\u00eb penaliteti i anullimit ?&#8221;]30% PARAPAGESAT: T\u00eb gjitha parapagimet si politika e hotelit nuk jan\u00eb t\u00eb rimbursueshme n\u00eb rast se klienti nuk shfaqet ne daten e rezervuar ose ndryshon diten e ardhjes por nuk njofton hotelin. Anulimet p\u00ebr arsye t\u00eb r\u00ebnd\u00ebsishme si vdekja e nj\u00ebrit prej udh\u00ebtar\u00ebve apo t\u00eb af\u00ebrmve t\u00eb tyre, mund t\u00eb p\u00ebrfitojn\u00eb 100% nga kompensimi duke zbritur t\u00eb gjitha kostot e transfertave bankare q\u00eb do t\u00eb sh\u00ebrbejn\u00eb p\u00ebr realizimin e anullimit te rezervimit. T\u00eb gjitha arsyet e tjera do t\u00eb vler\u00ebsohen nga hoteli dhe mund t\u00eb zgjidhen si m\u00eb posht\u00eb.<br \/>\n&#8211; Ndryshimet e dat\u00ebs (klienti do t\u00eb duhet t\u00eb paguaj\u00eb \u00e7mim shtes\u00eb, n\u00ebse ka dhoma te lira ne daten qe klienti do te bej ndryshimin)<br \/>\n&#8211; Transferimi i paket\u00ebs s\u00eb pushimeve te nj\u00eb i af\u00ebrm ose i njohur i klientit.<br \/>\n&#8211; Sigurimi i nj\u00eb kupon n\u00eb vler\u00ebn e parapagimit i cili mund t\u00eb p\u00ebrdoret brenda 2 viteve nga l\u00ebshimi i tij.[\/vc_toggle]<\/div>[\/vc_column][\/vc_row]<\/p>\n<\/div>","protected":false},"excerpt":{"rendered":"<p>[vc_row][vc_column][vc_custom_heading text=&#8221;DHOMA SUITE SEA SIDE&#8221; use_theme_fonts=&#8221;yes&#8221; css=&#8221;.vc_custom_1773851675619{margin-top: 20px !important;}&#8221;][\/vc_column][\/vc_row][vc_row][vc_column][vc_column_text]Flini nj\u00eb gjum\u00eb t\u00eb mir\u00eb gjat\u00eb nat\u00ebs n\u00eb shtratin me p\u00ebrmasa \u201cKing Size Bed\u201d. Uluni jasht\u00eb n\u00eb ballkonin ose tarrac\u00ebn tuaj dhe thithni ajrin e past\u00ebr t\u00eb detit. Vendosni temperatur\u00ebn ideale p\u00ebr relaksim. Q\u00ebndroni t\u00eb lidhur me WiFi falas. Me dritare t\u00eb gjera q\u00eb kornizojn\u00eb natyr\u00ebn e [&hellip;]<\/p>\n","protected":false},"author":1,"featured_media":0,"parent":0,"menu_order":0,"comment_status":"closed","ping_status":"closed","template":"","meta":{"footnotes":""},"class_list":["post-1614","page","type-page","status-publish","hentry"],"_links":{"self":[{"href":"https:\/\/sandybeach-resort.com\/sq\/wp-json\/wp\/v2\/pages\/1614","targetHints":{"allow":["GET"]}}],"collection":[{"href":"https:\/\/sandybeach-resort.com\/sq\/wp-json\/wp\/v2\/pages"}],"about":[{"href":"https:\/\/sandybeach-resort.com\/sq\/wp-json\/wp\/v2\/types\/page"}],"author":[{"embeddable":true,"href":"https:\/\/sandybeach-resort.com\/sq\/wp-json\/wp\/v2\/users\/1"}],"replies":[{"embeddable":true,"href":"https:\/\/sandybeach-resort.com\/sq\/wp-json\/wp\/v2\/comments?post=1614"}],"version-history":[{"count":10,"href":"https:\/\/sandybeach-resort.com\/sq\/wp-json\/wp\/v2\/pages\/1614\/revisions"}],"predecessor-version":[{"id":3121,"href":"https:\/\/sandybeach-resort.com\/sq\/wp-json\/wp\/v2\/pages\/1614\/revisions\/3121"}],"wp:attachment":[{"href":"https:\/\/sandybeach-resort.com\/sq\/wp-json\/wp\/v2\/media?parent=1614"}],"curies":[{"name":"wp","href":"https:\/\/api.w.org\/{rel}","templated":true}]}}