{"id":2845,"date":"2025-06-24T11:12:34","date_gmt":"2025-06-24T11:12:34","guid":{"rendered":"https:\/\/sandybeach-resort.com\/?page_id=2845"},"modified":"2025-06-24T14:38:19","modified_gmt":"2025-06-24T14:38:19","slug":"suite-me-jacuzzi","status":"publish","type":"page","link":"https:\/\/sandybeach-resort.com\/sq\/suite-me-jacuzzi\/","title":{"rendered":"Suite me Jacuzzi"},"content":{"rendered":"<div class=\"wpb-content-wrapper\"><p>[vc_row][vc_column][vc_custom_heading text=&#8221;SUITE ME JACUZZI&#8221; use_theme_fonts=&#8221;yes&#8221; css=&#8221;.vc_custom_1750775891627{margin-top: 20px !important;}&#8221;]<div class=\"porto-sicon-box  wpb_custom_1efe903570d178ff0a9b7bfa5febd3a4 style_1 default-icon\"><div class=\"porto-sicon-default\"><div class=\"porto-just-icon-wrapper porto-icon none\" style=\"font-size:20px;\"><i class=\"fas fa-draw-polygon\"><\/i><\/div><\/div><div class=\"porto-sicon-header\"><h3 class=\"porto-sicon-title\" style=\"\">60 m\u00b2<\/h3><\/div> <!-- header --><\/div><!-- porto-sicon-box -->[\/vc_column][\/vc_row][vc_row][vc_column][vc_column_text]<\/p>\n<p class=\"ds-markdown-paragraph\">Suita jon\u00eb moderne \u00ebsht\u00eb projektuar p\u00ebr t\u00eb ofruar nj\u00eb standard t\u00eb lart\u00eb akomodimi, duke kombinuar funksionalitetin me eleganc\u00ebn bashk\u00ebkohore p\u00ebr t\u00eb krijuar nj\u00eb ambient t\u00eb rafinuar dhe t\u00eb p\u00ebrshtatsh\u00ebm, n\u00eb m\u00ebnyr\u00eb q\u00eb t\u00eb p\u00ebrmir\u00ebsoj\u00eb q\u00ebndrimin tuaj.<\/p>\n<p class=\"ds-markdown-paragraph\">Hap\u00ebsira prej 60 m\u00b2 mund t\u00eb akomodoj\u00eb 2 t\u00eb rritur dhe nj\u00eb f\u00ebmij\u00eb 4-vje\u00e7ar.\u00a0P\u00ebrb\u00ebhet nga nj\u00eb dhom\u00eb gjumi me drit\u00eb t\u00eb bollshme natyrale, pamje nga deti dhe pishina kryesore, garderob\u00eb t\u00eb ve\u00e7ant\u00eb, krevat dopio king-size (200&#215;200 cm), dyshek cil\u00ebsor me mb\u00ebshtetje ortopedike dhe tekstile premium.<\/p>\n<p class=\"ds-markdown-paragraph\">N\u00eb dispozicion p\u00ebr mysafir\u00ebt jan\u00eb gjithashtu minibar i kompletuar, kasafort\u00eb digjitale t\u00eb mjaftueshme edhe p\u00ebr laptop, rrobdishane t\u00eb personalizuar, pantofla t\u00eb rehatshme, pajisje p\u00ebr p\u00ebrgatitjen e kafes\u00eb dhe \u00e7ajit n\u00eb dhom\u00eb, TV Smart, set hekurosjeje dhe internet me shpejt\u00ebsi t\u00eb lart\u00eb.<\/p>\n<p class=\"ds-markdown-paragraph\">Banja private prej 18 m\u00b2\u00a0ofron pajisje sanitare bashk\u00ebkohore, dush t\u00eb tipit walk-in, si dhe produkte t\u00eb kujdesit personal.<\/p>\n<p class=\"ds-markdown-paragraph\">Pjes\u00eb e ve\u00e7ant\u00eb e k\u00ebsaj suite \u00ebsht\u00eb vaska me hidromasazh &#8216;jacuzzi&#8217; private, e vendosur n\u00eb nj\u00eb ambient elegant, duke ofruar nj\u00eb p\u00ebrvoj\u00eb relaksi t\u00eb nivelit t\u00eb lart\u00eb. E pajisur me sistem hidromasazhi dhe ndri\u00e7im ambient, jacuzzi-ja siguron \u00e7lodhje t\u00eb thell\u00eb pas nj\u00eb dite t\u00eb ngarkuar. Dizajni dhe p\u00ebrdorimi i ngjyrave neutrale krijojn\u00eb nj\u00eb atmosfer\u00eb t\u00eb qet\u00eb dhe profesionale, duke garantuar komoditet maksimal gjat\u00eb gjith\u00eb q\u00ebndrimit.<\/p>\n<p><strong>Kapaciteti : 2 t\u00eb rritur ose 2 t\u00eb rritur + 1 f\u00ebmij\u00eb<\/strong>[\/vc_column_text]<div class=\"porto-btn-ctn-left \"><a class=\"porto-btn porto-adjust-bottom-margin porto-btn-normal porto-btn-fade-bg   wpb_custom_fa51088c2567b780100c1edcf8821d3b  porto-btn-left \" title='Book Now' rel='' href = \"https:\/\/sandybeach-resort.com\/sq\/rezervo-tani\/\"  data-hover=\"#ffffff\" data-border-color=\"\" data-bg=\"#dd9f42\" data-hover-bg=\"#dd9527\" data-border-hover=\"\" data-shadow-click=\"none\" data-shadow=\"\" style=\"border:none;background: #dd9f42;color: #000000;\"><span class=\"porto-btn-hover\" style=\"background-color:#dd9527\"><\/span><span class=\"porto-btn-data porto-btn-text \" >Rezervo Tani<\/span><\/a><\/div>[\/vc_column][\/vc_row][vc_row][vc_column][vc_custom_heading text=&#8221;Fasilitetet e Dhom\u00ebs&#8221; use_theme_fonts=&#8221;yes&#8221;][\/vc_column][\/vc_row][vc_row conditional_render=&#8221;%5B%7B%22value_role%22%3A%22administrator%22%7D%5D&#8221;][vc_column width=&#8221;1\/6&#8243;]<div class=\"porto-sicon-box  wpb_custom_1efe903570d178ff0a9b7bfa5febd3a4 style_1 default-icon\"><div class=\"porto-sicon-default\"><div id=\"porto-icon-182855562469e4933ab1af3\" class=\"porto-just-icon-wrapper porto-sicon-img\" style=\"font-size: 20px;\"><img loading=\"lazy\" decoding=\"async\" class=\"img-icon\" alt=\"\" src=\"https:\/\/sandybeach-resort.com\/wp-content\/uploads\/2023\/09\/28893614-6dc8bbe4-77d2-11e7-8089-03159b85ba08.png\" width=\"512\" height=\"512\" \/><\/div><\/div><div class=\"porto-sicon-header\"><h3 class=\"porto-sicon-title\" style=\"\">Ballkon<\/h3><\/div> <!-- header --><\/div><!-- porto-sicon-box -->[\/vc_column][vc_column width=&#8221;1\/6&#8243;]<div class=\"porto-sicon-box  wpb_custom_1bdeba2ccd30487d5d4d318475bdd62b style_2 default-icon\"><div class=\"porto-sicon-default\"><div class=\"porto-just-icon-wrapper porto-icon none\" style=\"font-size:20px;\"><i class=\"far fa-snowflake\"><\/i><\/div><\/div><div class=\"porto-sicon-header\"><h3 class=\"porto-sicon-title\" style=\"\">Kondicioner Q\u00ebndror<\/h3><\/div> <!-- header --><\/div><!-- porto-sicon-box -->[\/vc_column][vc_column width=&#8221;1\/6&#8243;]<div class=\"porto-sicon-box  wpb_custom_1efe903570d178ff0a9b7bfa5febd3a4 style_1 default-icon\"><div class=\"porto-sicon-default\"><div class=\"porto-just-icon-wrapper porto-icon none\" style=\"font-size:20px;\"><i class=\"fas fa-smoking-ban\"><\/i><\/div><\/div><div class=\"porto-sicon-header\"><h3 class=\"porto-sicon-title\" style=\"\">Ndalohet Duhani<\/h3><\/div> <!-- header --><\/div><!-- porto-sicon-box -->[\/vc_column][vc_column width=&#8221;1\/6&#8243;]<div class=\"porto-sicon-box  wpb_custom_1efe903570d178ff0a9b7bfa5febd3a4 style_1 default-icon\"><div class=\"porto-sicon-default\"><div id=\"porto-icon-7304855469e4933abd6f8\" class=\"porto-just-icon-wrapper porto-sicon-img\" style=\"font-size: 20px;\"><img loading=\"lazy\" decoding=\"async\" class=\"img-icon\" alt=\"\" src=\"https:\/\/sandybeach-resort.com\/wp-content\/uploads\/2023\/09\/hearing.png\" width=\"512\" height=\"512\" \/><\/div><\/div><div class=\"porto-sicon-header\"><h3 class=\"porto-sicon-title\" style=\"\">Dhoma Akustike<\/h3><\/div> <!-- header --><\/div><!-- porto-sicon-box -->[\/vc_column][vc_column width=&#8221;1\/6&#8243;]<div class=\"porto-sicon-box  wpb_custom_1efe903570d178ff0a9b7bfa5febd3a4 style_1 default-icon\"><div class=\"porto-sicon-default\"><div class=\"porto-just-icon-wrapper porto-icon none\" style=\"font-size:20px;\"><i class=\"fas fa-wifi\"><\/i><\/div><\/div><div class=\"porto-sicon-header\"><h3 class=\"porto-sicon-title\" style=\"\">Wi-Fi<\/h3><\/div> <!-- header --><\/div><!-- porto-sicon-box -->[\/vc_column][vc_column width=&#8221;1\/6&#8243;]<div class=\"porto-sicon-box  wpb_custom_1efe903570d178ff0a9b7bfa5febd3a4 style_1 default-icon\"><div class=\"porto-sicon-default\"><div id=\"porto-icon-129542570969e4933abe088\" class=\"porto-just-icon-wrapper porto-sicon-img\" style=\"font-size: 20px;\"><img loading=\"lazy\" decoding=\"async\" class=\"img-icon\" alt=\"\" src=\"https:\/\/sandybeach-resort.com\/wp-content\/uploads\/2023\/09\/parquet.png\" width=\"512\" height=\"512\" \/><\/div><\/div><div class=\"porto-sicon-header\"><h3 class=\"porto-sicon-title\" style=\"\">Desheme Parketi<\/h3><\/div> <!-- header --><\/div><!-- porto-sicon-box -->[\/vc_column][\/vc_row][vc_row conditional_render=&#8221;%5B%7B%22value_role%22%3A%22administrator%22%7D%5D&#8221;][vc_column width=&#8221;1\/6&#8243;]<div class=\"porto-sicon-box  wpb_custom_1efe903570d178ff0a9b7bfa5febd3a4 style_1 default-icon\"><div class=\"porto-sicon-default\"><div class=\"porto-just-icon-wrapper porto-icon none\" style=\"color:#595959;font-size:20px;\"><i class=\"fas fa-phone\"><\/i><\/div><\/div><div class=\"porto-sicon-header\"><h3 class=\"porto-sicon-title\" style=\"\">Telefon<\/h3><\/div> <!-- header --><\/div><!-- porto-sicon-box -->[\/vc_column][vc_column width=&#8221;1\/6&#8243;]<div class=\"porto-sicon-box  wpb_custom_1efe903570d178ff0a9b7bfa5febd3a4 style_1 default-icon\"><div class=\"porto-sicon-default\"><div id=\"porto-icon-17278668269e4933abe625\" class=\"porto-just-icon-wrapper porto-sicon-img\" style=\"font-size: 20px;\"><img loading=\"lazy\" decoding=\"async\" class=\"img-icon\" alt=\"\" src=\"https:\/\/sandybeach-resort.com\/wp-content\/uploads\/2025\/06\/pouf.png\" width=\"512\" height=\"512\" \/><\/div><\/div><div class=\"porto-sicon-header\"><h3 class=\"porto-sicon-title\" style=\"\">Puf<\/h3><\/div> <!-- header --><\/div><!-- porto-sicon-box -->[\/vc_column][vc_column width=&#8221;1\/6&#8243;]<div class=\"porto-sicon-box  wpb_custom_1efe903570d178ff0a9b7bfa5febd3a4 style_1 default-icon\"><div class=\"porto-sicon-default\"><div id=\"porto-icon-82699897569e4933abe870\" class=\"porto-just-icon-wrapper porto-sicon-img\" style=\"font-size: 20px;\"><img loading=\"lazy\" decoding=\"async\" class=\"img-icon\" alt=\"\" src=\"https:\/\/sandybeach-resort.com\/wp-content\/uploads\/2023\/09\/safety-box.png\" width=\"512\" height=\"512\" \/><\/div><\/div><div class=\"porto-sicon-header\"><h3 class=\"porto-sicon-title\" style=\"\">Kasafort\u00eb<\/h3><\/div> <!-- header --><\/div><!-- porto-sicon-box -->[\/vc_column][vc_column width=&#8221;1\/6&#8243;]<div class=\"porto-sicon-box  wpb_custom_1efe903570d178ff0a9b7bfa5febd3a4 style_1 default-icon\"><div class=\"porto-sicon-default\"><div id=\"porto-icon-202386175669e4933abeb92\" class=\"porto-just-icon-wrapper porto-sicon-img\" style=\"font-size: 20px;\"><img loading=\"lazy\" decoding=\"async\" class=\"img-icon\" alt=\"\" src=\"https:\/\/sandybeach-resort.com\/wp-content\/uploads\/2023\/09\/slippers.png\" width=\"512\" height=\"512\" \/><\/div><\/div><div class=\"porto-sicon-header\"><h3 class=\"porto-sicon-title\" style=\"\">Pantofla<\/h3><\/div> <!-- header --><\/div><!-- porto-sicon-box -->[\/vc_column][vc_column width=&#8221;1\/6&#8243;]<div class=\"porto-sicon-box  wpb_custom_1efe903570d178ff0a9b7bfa5febd3a4 style_1 default-icon\"><div class=\"porto-sicon-default\"><div id=\"porto-icon-34438941269e4933abeed7\" class=\"porto-just-icon-wrapper porto-sicon-img\" style=\"font-size: 20px;\"><img loading=\"lazy\" decoding=\"async\" class=\"img-icon\" alt=\"\" src=\"https:\/\/sandybeach-resort.com\/wp-content\/uploads\/2023\/09\/toiletries.png\" width=\"512\" height=\"512\" \/><\/div><\/div><div class=\"porto-sicon-header\"><h3 class=\"porto-sicon-title\" style=\"\">Paisje Tualeti<\/h3><\/div> <!-- header --><\/div><!-- porto-sicon-box -->[\/vc_column][vc_column width=&#8221;1\/6&#8243;]<div class=\"porto-sicon-box  wpb_custom_a37b0e1090d09820da03bf4fbfa4db6d style_1 default-icon\"><div class=\"porto-sicon-default\"><div id=\"porto-icon-160428500969e4933abf112\" class=\"porto-just-icon-wrapper porto-sicon-img\" style=\"font-size: 20px;\"><img loading=\"lazy\" decoding=\"async\" class=\"img-icon\" alt=\"\" src=\"https:\/\/sandybeach-resort.com\/wp-content\/uploads\/2023\/09\/glass.png\" width=\"512\" height=\"512\" \/><\/div><\/div><div class=\"porto-sicon-header\"><h3 class=\"porto-sicon-title\" style=\"\">Got\u00eb e Sterilizuar<\/h3><\/div> <!-- header --><\/div><!-- porto-sicon-box -->[\/vc_column][\/vc_row][vc_row conditional_render=&#8221;%5B%7B%22value_role%22%3A%22administrator%22%7D%5D&#8221;][vc_column width=&#8221;1\/6&#8243;]<div class=\"porto-sicon-box  wpb_custom_1efe903570d178ff0a9b7bfa5febd3a4 style_1 default-icon\"><div class=\"porto-sicon-default\"><div id=\"porto-icon-17873925869e4933abf318\" class=\"porto-just-icon-wrapper porto-sicon-img\" style=\"font-size: 20px;\"><img loading=\"lazy\" decoding=\"async\" class=\"img-icon\" alt=\"\" src=\"https:\/\/sandybeach-resort.com\/wp-content\/uploads\/2023\/09\/kettle.png\" width=\"512\" height=\"512\" \/><\/div><\/div><div class=\"porto-sicon-header\"><h3 class=\"porto-sicon-title\" style=\"\">\u00c7ajnik<\/h3><\/div> <!-- header --><\/div><!-- porto-sicon-box -->[\/vc_column][vc_column width=&#8221;1\/6&#8243;]<div class=\"porto-sicon-box  wpb_custom_1efe903570d178ff0a9b7bfa5febd3a4 style_1 default-icon\"><div class=\"porto-sicon-default\"><div class=\"porto-just-icon-wrapper porto-icon none\" style=\"color:#595959;font-size:20px;\"><i class=\"fas fa-tv\"><\/i><\/div><\/div><div class=\"porto-sicon-header\"><h3 class=\"porto-sicon-title\" style=\"\">Smart TV<\/h3><\/div> <!-- header --><\/div><!-- porto-sicon-box -->[\/vc_column][vc_column width=&#8221;1\/6&#8243;]<div class=\"porto-sicon-box  wpb_custom_6121a2c574b813876fc7e1fcb981517f style_1 default-icon\"><div class=\"porto-sicon-default\"><div id=\"porto-icon-182405299769e4933abf5e3\" class=\"porto-just-icon-wrapper porto-sicon-img\" style=\"font-size: 20px;\"><img loading=\"lazy\" decoding=\"async\" class=\"img-icon\" alt=\"\" src=\"https:\/\/sandybeach-resort.com\/wp-content\/uploads\/2023\/09\/minibar.png\" width=\"512\" height=\"512\" \/><\/div><\/div><div class=\"porto-sicon-header\"><h3 class=\"porto-sicon-title\" style=\"\">Frigorifer \/ Minibar<\/h3><\/div> <!-- header --><\/div><!-- porto-sicon-box -->[\/vc_column][vc_column width=&#8221;1\/6&#8243;]<div class=\"porto-sicon-box  wpb_custom_1efe903570d178ff0a9b7bfa5febd3a4 style_1 default-icon\"><div class=\"porto-sicon-default\"><div id=\"porto-icon-47277257169e4933abf7ee\" class=\"porto-just-icon-wrapper porto-sicon-img\" style=\"font-size: 20px;\"><img loading=\"lazy\" decoding=\"async\" class=\"img-icon\" alt=\"\" src=\"https:\/\/sandybeach-resort.com\/wp-content\/uploads\/2023\/09\/plug.png\" width=\"512\" height=\"512\" \/><\/div><\/div><div class=\"porto-sicon-header\"><h3 class=\"porto-sicon-title\" style=\"\">220 - 240 Volts<\/h3><\/div> <!-- header --><\/div><!-- porto-sicon-box -->[\/vc_column][vc_column width=&#8221;1\/6&#8243;]<div class=\"porto-sicon-box  wpb_custom_6121a2c574b813876fc7e1fcb981517f style_1 default-icon\"><div class=\"porto-sicon-default\"><div id=\"porto-icon-8168442469e4933abf9e9\" class=\"porto-just-icon-wrapper porto-sicon-img\" style=\"font-size: 20px;\"><img loading=\"lazy\" decoding=\"async\" class=\"img-icon\" alt=\"\" src=\"https:\/\/sandybeach-resort.com\/wp-content\/uploads\/2023\/09\/alarm-clock.png\" width=\"512\" height=\"512\" \/><\/div><\/div><div class=\"porto-sicon-header\"><h3 class=\"porto-sicon-title\" style=\"\">Zgjim \"Me K\u00ebrkes\u00eb\"<\/h3><\/div> <!-- header --><\/div><!-- porto-sicon-box -->[\/vc_column][vc_column width=&#8221;1\/6&#8243;]<div class=\"porto-sicon-box  wpb_custom_1efe903570d178ff0a9b7bfa5febd3a4 style_1 default-icon\"><div class=\"porto-sicon-default\"><div id=\"porto-icon-151278493169e4933abfbf7\" class=\"porto-just-icon-wrapper porto-sicon-img\" style=\"font-size: 20px;\"><img loading=\"lazy\" decoding=\"async\" class=\"img-icon\" alt=\"\" src=\"https:\/\/sandybeach-resort.com\/wp-content\/uploads\/2023\/09\/armchair.png\" width=\"512\" height=\"512\" \/><\/div><\/div><div class=\"porto-sicon-header\"><h3 class=\"porto-sicon-title\" style=\"\">Divan Kanape<\/h3><\/div> <!-- header --><\/div><!-- porto-sicon-box -->[\/vc_column][\/vc_row][vc_row conditional_render=&#8221;%5B%7B%22value_role%22%3A%22administrator%22%7D%5D&#8221;][vc_column width=&#8221;1\/6&#8243;]<div class=\"porto-sicon-box  wpb_custom_1efe903570d178ff0a9b7bfa5febd3a4 style_1 default-icon\"><div class=\"porto-sicon-default\"><div id=\"porto-icon-70146239869e4933abfdff\" class=\"porto-just-icon-wrapper porto-sicon-img\" style=\"font-size: 20px;\"><img loading=\"lazy\" decoding=\"async\" class=\"img-icon\" alt=\"\" src=\"https:\/\/sandybeach-resort.com\/wp-content\/uploads\/2023\/09\/floor-lamp.png\" width=\"512\" height=\"512\" \/><\/div><\/div><div class=\"porto-sicon-header\"><h3 class=\"porto-sicon-title\" style=\"\">Abazhur<\/h3><\/div> <!-- header --><\/div><!-- porto-sicon-box -->[\/vc_column][vc_column width=&#8221;1\/6&#8243;]<div class=\"porto-sicon-box  wpb_custom_1efe903570d178ff0a9b7bfa5febd3a4 style_1 default-icon\"><div class=\"porto-sicon-default\"><div id=\"porto-icon-64285571469e4933abffde\" class=\"porto-just-icon-wrapper porto-sicon-img\" style=\"font-size: 20px;\"><img loading=\"lazy\" decoding=\"async\" class=\"img-icon\" alt=\"\" src=\"https:\/\/sandybeach-resort.com\/wp-content\/uploads\/2023\/09\/wardrobe.png\" width=\"512\" height=\"512\" \/><\/div><\/div><div class=\"porto-sicon-header\"><h3 class=\"porto-sicon-title\" style=\"\">Garderob\u00eb \/ Dollap<\/h3><\/div> <!-- header --><\/div><!-- porto-sicon-box -->[\/vc_column][vc_column width=&#8221;1\/6&#8243;]<div class=\"porto-sicon-box  wpb_custom_a37b0e1090d09820da03bf4fbfa4db6d style_1 default-icon\"><div class=\"porto-sicon-default\"><div id=\"porto-icon-89652619869e4933ac01b1\" class=\"porto-just-icon-wrapper porto-sicon-img\" style=\"font-size: 20px;\"><img loading=\"lazy\" decoding=\"async\" class=\"img-icon\" alt=\"\" src=\"https:\/\/sandybeach-resort.com\/wp-content\/uploads\/2023\/09\/dining-table.png\" width=\"512\" height=\"512\" \/><\/div><\/div><div class=\"porto-sicon-header\"><h3 class=\"porto-sicon-title\" style=\"\">Karrige dhe Tavolin\u00eb n\u00eb Ballkon<\/h3><\/div> <!-- header --><\/div><!-- porto-sicon-box -->[\/vc_column][vc_column width=&#8221;1\/6&#8243;]<div class=\"porto-sicon-box  wpb_custom_1efe903570d178ff0a9b7bfa5febd3a4 style_1 default-icon\"><div class=\"porto-sicon-default\"><div id=\"porto-icon-175131868569e4933ac039d\" class=\"porto-just-icon-wrapper porto-sicon-img\" style=\"font-size: 20px;\"><img loading=\"lazy\" decoding=\"async\" class=\"img-icon\" alt=\"\" src=\"https:\/\/sandybeach-resort.com\/wp-content\/uploads\/2023\/09\/dressing-table.png\" width=\"512\" height=\"512\" \/><\/div><\/div><div class=\"porto-sicon-header\"><h3 class=\"porto-sicon-title\" style=\"\">Pasqyr\u00eb Muri<\/h3><\/div> <!-- header --><\/div><!-- porto-sicon-box -->[\/vc_column][vc_column width=&#8221;1\/6&#8243;]<div class=\"porto-sicon-box  wpb_custom_1efe903570d178ff0a9b7bfa5febd3a4 style_1 default-icon\"><div class=\"porto-sicon-default\"><div id=\"porto-icon-208908120169e4933ac06ac\" class=\"porto-just-icon-wrapper porto-sicon-img\" style=\"font-size: 20px;\"><img loading=\"lazy\" decoding=\"async\" class=\"img-icon\" alt=\"\" src=\"https:\/\/sandybeach-resort.com\/wp-content\/uploads\/2023\/09\/protection.png\" width=\"512\" height=\"512\" \/><\/div><\/div><div class=\"porto-sicon-header\"><h3 class=\"porto-sicon-title\" style=\"\">SOS Sistem Kujdesi<\/h3><\/div> <!-- header --><\/div><!-- porto-sicon-box -->[\/vc_column][vc_column width=&#8221;1\/6&#8243;]<div class=\"porto-sicon-box  wpb_custom_1efe903570d178ff0a9b7bfa5febd3a4 style_1 default-icon\"><div class=\"porto-sicon-default\"><div id=\"porto-icon-111709747269e4933ac08d9\" class=\"porto-just-icon-wrapper porto-sicon-img\" style=\"font-size: 20px;\"><img loading=\"lazy\" decoding=\"async\" class=\"img-icon\" alt=\"\" src=\"https:\/\/sandybeach-resort.com\/wp-content\/uploads\/2023\/09\/hairdryer.png\" width=\"512\" height=\"512\" \/><\/div><\/div><div class=\"porto-sicon-header\"><h3 class=\"porto-sicon-title\" style=\"\">Thar\u00ebse Flok\u00ebsh<\/h3><\/div> <!-- header --><\/div><!-- porto-sicon-box -->[\/vc_column][\/vc_row][vc_row conditional_render=&#8221;%5B%7B%22value_role%22%3A%22administrator%22%7D%5D&#8221;][vc_column width=&#8221;1\/6&#8243;]<div class=\"porto-sicon-box  wpb_custom_a37b0e1090d09820da03bf4fbfa4db6d style_1 default-icon\"><div class=\"porto-sicon-default\"><div class=\"porto-just-icon-wrapper porto-icon none\" style=\"color:#474747;font-size:20px;\"><i class=\"fas fa-satellite-dish\"><\/i><\/div><\/div><div class=\"porto-sicon-header\"><h3 class=\"porto-sicon-title\" style=\"\">Kanale Kabllore &amp; Satelitore<\/h3><\/div> <!-- header --><\/div><!-- porto-sicon-box -->[\/vc_column][vc_column width=&#8221;1\/6&#8243;][\/vc_column][vc_column width=&#8221;1\/6&#8243;][\/vc_column][vc_column width=&#8221;1\/6&#8243;][\/vc_column][vc_column width=&#8221;1\/6&#8243;][\/vc_column][vc_column width=&#8221;1\/6&#8243;][\/vc_column][\/vc_row][vc_row][vc_column]<div class=\"porto-toggles wpb_content_element  toggle-primary\" data-view=\"one-toggle\">[vc_toggle title=&#8221;Si mund t\u00eb Rezervoj ?&#8221;]P\u00ebr t\u00eb b\u00ebr\u00eb nj\u00eb rezervim klikoni n\u00eb butonin &#8220;Rezervo Tani&#8221; q\u00eb ndodhet n\u00eb menun\u00eb kryesore ose mund t\u00eb <a href=\"https:\/\/sandybeach-resort.com\/sq\/rezervo-tani\/\">KLIKONI KETU <\/a>.<br \/>\nPasi t\u00eb klikoni n\u00eb butonin e rezervimit, do t\u00eb d\u00ebrgoheni n\u00eb nj\u00eb faqe ku do t\u00eb duhet t\u00eb plot\u00ebsoni disa etiketa si datat e q\u00ebndrimit n\u00eb hotel dhe sa persona jeni, m\u00eb pas do t\u00eb hapet nj\u00eb faqe tjet\u00ebr ku do t\u00eb shfaqen dhomat e disponueshme n\u00eb dat\u00ebn q\u00eb k\u00ebrkoni, pasi t\u00eb zgjidhni dhom\u00ebn do t&#8217;ju k\u00ebrkohet t\u00eb b\u00ebni nj\u00eb parapagim prej 30% t\u00eb vler\u00ebs totale t\u00eb dhom\u00ebs p\u00ebr t\u00eb siguruar rezervimin tuaj.[\/vc_toggle][vc_toggle title=&#8221;\u00c7far\u00eb p\u00ebrfshihet n\u00eb \u00e7mim ?&#8221;]Paketa Half Board:<br \/>\nM\u00ebngjesi: Ushqimi n\u00eb bufe t\u00eb hapur, kafe amerikane, shum\u00eb lloje \u00e7ajrash, qum\u00ebsht i nxeht\u00eb\/ftoht\u00eb, kapu\u00e7ino, l\u00ebngje frutash dhe uj\u00eb jan\u00eb t\u00eb p\u00ebrfshira ne paket\u00eb.<br \/>\nDarka: Ushqimi n\u00eb bufe t\u00eb hapur dhe uji jan\u00eb t\u00eb p\u00ebrfshira n\u00eb \u00e7mim. t\u00eb gjitha pijet e tjera jan\u00eb me pages\u00eb shtes\u00eb. N\u00eb dhom\u00eb ka kafe dhe \u00e7aj falas.<\/p>\n<p>Paketa Full Board:<br \/>\nM\u00ebngjesi: Ushqimi n\u00eb bufe t\u00eb hapur, kafe amerikane, shum\u00eb lloje \u00e7ajrash, qum\u00ebsht i nxeht\u00eb\/ftoht\u00eb, kapu\u00e7ino, l\u00ebngje frutash dhe uj\u00eb jan\u00eb t\u00eb p\u00ebrfshira n\u00eb paket\u00eb.<br \/>\nDarka dhe dreka: Ushqimi n\u00eb bufe t\u00eb hapur dhe uji jan\u00eb t\u00eb p\u00ebrfshira n\u00eb \u00e7mim. T\u00eb gjitha pijet e tjera jan\u00eb me pages\u00eb shtes\u00eb. N\u00eb dhom\u00eb ka kafe dhe \u00e7aj falas.<\/p>\n<p>Paketa All Inclusive :<br \/>\nM\u00ebngjesi: Ushqimi n\u00eb bufe t\u00eb hapur, kafe amerikane, shum\u00eb lloje \u00e7ajrash, qum\u00ebsht i nxeht\u00eb\/ftoht\u00eb, kapu\u00e7ino, l\u00ebngje frutash dhe uj\u00eb jan\u00eb t\u00eb p\u00ebrfshira ne paket\u00eb.<br \/>\nDarka dhe dreka: Ushqimi n\u00eb bufe t\u00eb hapur, uj\u00eb, pije alkoolike-freskuese-kafe t\u00eb filtruar-kapucino-uj\u00eb jan\u00eb vet\u00ebsh\u00ebrbim n\u00eb restorant.<br \/>\nVakt i pasdites : Pasditja sh\u00ebrbehet me bufe t\u00eb hapur n\u00eb restorantin kryesor.<br \/>\nPije: Pool Bar 10:00-22:00. Beach Bar 11:00-18:00<br \/>\nN\u00eb dhom\u00eb ka kafe dhe \u00e7aj falas.[\/vc_toggle][vc_toggle title=&#8221;\u00c7far\u00eb \u00ebsht\u00eb penaliteti i anullimit ?&#8221;]30% PARAPAGESAT: T\u00eb gjitha parapagimet si politika e hotelit nuk jan\u00eb t\u00eb rimbursueshme n\u00eb rast se klienti nuk shfaqet ne daten e rezervuar ose ndryshon diten e ardhjes por nuk njofton hotelin. Anulimet p\u00ebr arsye t\u00eb r\u00ebnd\u00ebsishme si vdekja e nj\u00ebrit prej udh\u00ebtar\u00ebve apo t\u00eb af\u00ebrmve t\u00eb tyre, mund t\u00eb p\u00ebrfitojn\u00eb 100% nga kompensimi duke zbritur t\u00eb gjitha kostot e transfertave bankare q\u00eb do t\u00eb sh\u00ebrbejn\u00eb p\u00ebr realizimin e anullimit te rezervimit. T\u00eb gjitha arsyet e tjera do t\u00eb vler\u00ebsohen nga hoteli dhe mund t\u00eb zgjidhen si m\u00eb posht\u00eb.<br \/>\n&#8211; Ndryshimet e dat\u00ebs (klienti do t\u00eb duhet t\u00eb paguaj\u00eb \u00e7mim shtes\u00eb, n\u00ebse ka dhoma te lira ne daten qe klienti do te bej ndryshimin)<br \/>\n&#8211; Transferimi i paket\u00ebs s\u00eb pushimeve te nj\u00eb i af\u00ebrm ose i njohur i klientit.<br \/>\n&#8211; Sigurimi i nj\u00eb kupon n\u00eb vler\u00ebn e parapagimit i cili mund t\u00eb p\u00ebrdoret brenda 2 viteve nga l\u00ebshimi i tij.[\/vc_toggle]<\/div>[\/vc_column][\/vc_row]<\/p>\n<\/div>","protected":false},"excerpt":{"rendered":"<p>[vc_row][vc_column][vc_custom_heading text=&#8221;SUITE ME JACUZZI&#8221; use_theme_fonts=&#8221;yes&#8221; css=&#8221;.vc_custom_1750775891627{margin-top: 20px !important;}&#8221;][\/vc_column][\/vc_row][vc_row][vc_column][vc_column_text] Suita jon\u00eb moderne \u00ebsht\u00eb projektuar p\u00ebr t\u00eb ofruar nj\u00eb standard t\u00eb lart\u00eb akomodimi, duke kombinuar funksionalitetin me eleganc\u00ebn bashk\u00ebkohore p\u00ebr t\u00eb krijuar nj\u00eb ambient t\u00eb rafinuar dhe t\u00eb p\u00ebrshtatsh\u00ebm, n\u00eb m\u00ebnyr\u00eb q\u00eb t\u00eb p\u00ebrmir\u00ebsoj\u00eb q\u00ebndrimin tuaj. Hap\u00ebsira prej 60 m\u00b2 mund t\u00eb akomodoj\u00eb 2 t\u00eb rritur dhe [&hellip;]<\/p>\n","protected":false},"author":1,"featured_media":0,"parent":0,"menu_order":0,"comment_status":"closed","ping_status":"closed","template":"","meta":{"footnotes":""},"class_list":["post-2845","page","type-page","status-publish","hentry"],"_links":{"self":[{"href":"https:\/\/sandybeach-resort.com\/sq\/wp-json\/wp\/v2\/pages\/2845","targetHints":{"allow":["GET"]}}],"collection":[{"href":"https:\/\/sandybeach-resort.com\/sq\/wp-json\/wp\/v2\/pages"}],"about":[{"href":"https:\/\/sandybeach-resort.com\/sq\/wp-json\/wp\/v2\/types\/page"}],"author":[{"embeddable":true,"href":"https:\/\/sandybeach-resort.com\/sq\/wp-json\/wp\/v2\/users\/1"}],"replies":[{"embeddable":true,"href":"https:\/\/sandybeach-resort.com\/sq\/wp-json\/wp\/v2\/comments?post=2845"}],"version-history":[{"count":5,"href":"https:\/\/sandybeach-resort.com\/sq\/wp-json\/wp\/v2\/pages\/2845\/revisions"}],"predecessor-version":[{"id":2868,"href":"https:\/\/sandybeach-resort.com\/sq\/wp-json\/wp\/v2\/pages\/2845\/revisions\/2868"}],"wp:attachment":[{"href":"https:\/\/sandybeach-resort.com\/sq\/wp-json\/wp\/v2\/media?parent=2845"}],"curies":[{"name":"wp","href":"https:\/\/api.w.org\/{rel}","templated":true}]}}